{"id":1223,"date":"2016-06-06T09:17:11","date_gmt":"2016-06-06T07:17:11","guid":{"rendered":"http:\/\/spardax.se\/?page_id=1223"},"modified":"2020-08-06T09:17:52","modified_gmt":"2020-08-06T07:17:52","slug":"spardax-center-of-attention","status":"publish","type":"page","link":"http:\/\/spardax.se\/?page_id=1223","title":{"rendered":"Sp\u00e5rdax Center Of Attention &#8221;Vilda&#8221;"},"content":{"rendered":"\t\t<div data-elementor-type=\"wp-page\" data-elementor-id=\"1223\" class=\"elementor elementor-1223\">\n\t\t\t\t\t\t<section class=\"elementor-section elementor-top-section elementor-element elementor-element-10301252 elementor-section-boxed elementor-section-height-default elementor-section-height-default\" data-id=\"10301252\" data-element_type=\"section\">\n\t\t\t\t\t\t<div class=\"elementor-container elementor-column-gap-default\">\n\t\t\t\t\t<div class=\"elementor-column elementor-col-100 elementor-top-column elementor-element elementor-element-ad9858a\" data-id=\"ad9858a\" data-element_type=\"column\">\n\t\t\t<div class=\"elementor-widget-wrap elementor-element-populated\">\n\t\t\t\t\t\t<div class=\"elementor-element elementor-element-e8d5afa elementor-widget elementor-widget-text-editor\" data-id=\"e8d5afa\" data-element_type=\"widget\" data-widget_type=\"text-editor.default\">\n\t\t\t\t<div class=\"elementor-widget-container\">\n\t\t\t\t\t\t\t\t\t<h1>SE U(V)CH FI U(V)CH NO U(V)CH SE VCH<\/h1>\t\t\t\t\t\t\t\t<\/div>\n\t\t\t\t<\/div>\n\t\t\t\t\t<\/div>\n\t\t<\/div>\n\t\t\t\t\t<\/div>\n\t\t<\/section>\n\t\t\t\t<section class=\"elementor-section elementor-top-section elementor-element elementor-element-05d971c elementor-section-boxed elementor-section-height-default elementor-section-height-default\" data-id=\"05d971c\" data-element_type=\"section\">\n\t\t\t\t\t\t<div class=\"elementor-container elementor-column-gap-default\">\n\t\t\t\t\t<div class=\"elementor-column elementor-col-100 elementor-top-column elementor-element elementor-element-e2216ce\" data-id=\"e2216ce\" data-element_type=\"column\">\n\t\t\t<div class=\"elementor-widget-wrap elementor-element-populated\">\n\t\t\t\t\t\t<div class=\"elementor-element elementor-element-d5c2ac3 elementor-widget-divider--view-line elementor-widget elementor-widget-divider\" data-id=\"d5c2ac3\" data-element_type=\"widget\" data-widget_type=\"divider.default\">\n\t\t\t\t<div class=\"elementor-widget-container\">\n\t\t\t\t\t\t\t<div class=\"elementor-divider\">\n\t\t\t<span class=\"elementor-divider-separator\">\n\t\t\t\t\t\t<\/span>\n\t\t<\/div>\n\t\t\t\t\t\t<\/div>\n\t\t\t\t<\/div>\n\t\t\t\t<div class=\"elementor-element elementor-element-007541c elementor-widget elementor-widget-text-editor\" data-id=\"007541c\" data-element_type=\"widget\" data-widget_type=\"text-editor.default\">\n\t\t\t\t<div class=\"elementor-widget-container\">\n\t\t\t\t\t\t\t\t\t<p>L\u00e5ngh\u00e5rig dv\u00e4rgtax<br \/>F\u00f6dd: 2016-04-04<br \/>Del\u00e4gs med Gabrielle Vikstr\u00f6m, Byske<\/p>\t\t\t\t\t\t\t\t<\/div>\n\t\t\t\t<\/div>\n\t\t\t\t<div class=\"elementor-element elementor-element-9274b48 elementor-widget-divider--view-line elementor-widget elementor-widget-divider\" data-id=\"9274b48\" data-element_type=\"widget\" data-widget_type=\"divider.default\">\n\t\t\t\t<div class=\"elementor-widget-container\">\n\t\t\t\t\t\t\t<div class=\"elementor-divider\">\n\t\t\t<span class=\"elementor-divider-separator\">\n\t\t\t\t\t\t<\/span>\n\t\t<\/div>\n\t\t\t\t\t\t<\/div>\n\t\t\t\t<\/div>\n\t\t\t\t\t<\/div>\n\t\t<\/div>\n\t\t\t\t\t<\/div>\n\t\t<\/section>\n\t\t\t\t<section class=\"elementor-section elementor-top-section elementor-element elementor-element-505b6b8 elementor-section-boxed elementor-section-height-default elementor-section-height-default\" data-id=\"505b6b8\" data-element_type=\"section\">\n\t\t\t\t\t\t<div class=\"elementor-container elementor-column-gap-default\">\n\t\t\t\t\t<div class=\"elementor-column elementor-col-33 elementor-top-column elementor-element elementor-element-3a7d661\" data-id=\"3a7d661\" data-element_type=\"column\">\n\t\t\t<div class=\"elementor-widget-wrap elementor-element-populated\">\n\t\t\t\t\t\t<div class=\"elementor-element elementor-element-da01b76 elementor-widget elementor-widget-image\" data-id=\"da01b76\" data-element_type=\"widget\" data-widget_type=\"image.default\">\n\t\t\t\t<div class=\"elementor-widget-container\">\n\t\t\t\t\t\t\t\t\t\t\t\t\t\t\t<img fetchpriority=\"high\" decoding=\"async\" width=\"450\" height=\"295\" src=\"http:\/\/spardax.se\/wp-content\/uploads\/2016\/06\/Vilda-8v-st\u00e5r-450x295.jpg\" class=\"attachment-large size-large wp-image-1226\" alt=\"\" srcset=\"http:\/\/spardax.se\/wp-content\/uploads\/2016\/06\/Vilda-8v-st\u00e5r-450x295.jpg 450w, http:\/\/spardax.se\/wp-content\/uploads\/2016\/06\/Vilda-8v-st\u00e5r-300x197.jpg 300w, http:\/\/spardax.se\/wp-content\/uploads\/2016\/06\/Vilda-8v-st\u00e5r-768x504.jpg 768w, http:\/\/spardax.se\/wp-content\/uploads\/2016\/06\/Vilda-8v-st\u00e5r-700x459.jpg 700w, http:\/\/spardax.se\/wp-content\/uploads\/2016\/06\/Vilda-8v-st\u00e5r-332x218.jpg 332w, http:\/\/spardax.se\/wp-content\/uploads\/2016\/06\/Vilda-8v-st\u00e5r.jpg 960w\" sizes=\"(max-width: 450px) 100vw, 450px\" \/>\t\t\t\t\t\t\t\t\t\t\t\t\t\t\t<\/div>\n\t\t\t\t<\/div>\n\t\t\t\t<div class=\"elementor-element elementor-element-0870cc7 elementor-widget elementor-widget-image\" data-id=\"0870cc7\" data-element_type=\"widget\" data-widget_type=\"image.default\">\n\t\t\t\t<div class=\"elementor-widget-container\">\n\t\t\t\t\t\t\t\t\t\t\t\t\t\t\t<img decoding=\"async\" width=\"450\" height=\"600\" src=\"http:\/\/spardax.se\/wp-content\/uploads\/2018\/10\/Vilda-Harstad-450x600.jpg\" class=\"attachment-large size-large wp-image-1729\" alt=\"\" srcset=\"http:\/\/spardax.se\/wp-content\/uploads\/2018\/10\/Vilda-Harstad-450x600.jpg 450w, http:\/\/spardax.se\/wp-content\/uploads\/2018\/10\/Vilda-Harstad-300x400.jpg 300w, http:\/\/spardax.se\/wp-content\/uploads\/2018\/10\/Vilda-Harstad-768x1024.jpg 768w\" sizes=\"(max-width: 450px) 100vw, 450px\" \/>\t\t\t\t\t\t\t\t\t\t\t\t\t\t\t<\/div>\n\t\t\t\t<\/div>\n\t\t\t\t\t<\/div>\n\t\t<\/div>\n\t\t\t\t<div class=\"elementor-column elementor-col-33 elementor-top-column elementor-element elementor-element-e648d61\" data-id=\"e648d61\" data-element_type=\"column\">\n\t\t\t<div class=\"elementor-widget-wrap elementor-element-populated\">\n\t\t\t\t\t\t<div class=\"elementor-element elementor-element-632e86a elementor-widget elementor-widget-image\" data-id=\"632e86a\" data-element_type=\"widget\" data-widget_type=\"image.default\">\n\t\t\t\t<div class=\"elementor-widget-container\">\n\t\t\t\t\t\t\t\t\t\t\t\t\t\t\t<img decoding=\"async\" width=\"450\" height=\"300\" src=\"http:\/\/spardax.se\/wp-content\/uploads\/2020\/05\/Vilda-SE-VCH-450x300.jpg\" class=\"attachment-large size-large wp-image-2098\" alt=\"\" srcset=\"http:\/\/spardax.se\/wp-content\/uploads\/2020\/05\/Vilda-SE-VCH-450x300.jpg 450w, http:\/\/spardax.se\/wp-content\/uploads\/2020\/05\/Vilda-SE-VCH-300x200.jpg 300w, http:\/\/spardax.se\/wp-content\/uploads\/2020\/05\/Vilda-SE-VCH-768x512.jpg 768w, http:\/\/spardax.se\/wp-content\/uploads\/2020\/05\/Vilda-SE-VCH.jpg 960w\" sizes=\"(max-width: 450px) 100vw, 450px\" \/>\t\t\t\t\t\t\t\t\t\t\t\t\t\t\t<\/div>\n\t\t\t\t<\/div>\n\t\t\t\t<div class=\"elementor-element elementor-element-6f76cb2 elementor-widget elementor-widget-image\" data-id=\"6f76cb2\" data-element_type=\"widget\" data-widget_type=\"image.default\">\n\t\t\t\t<div class=\"elementor-widget-container\">\n\t\t\t\t\t\t\t\t\t\t\t\t\t\t\t<img loading=\"lazy\" decoding=\"async\" width=\"450\" height=\"300\" src=\"http:\/\/spardax.se\/wp-content\/uploads\/2020\/05\/Vilda-7-veckor-450x300.jpg\" class=\"attachment-large size-large wp-image-2096\" alt=\"\" srcset=\"http:\/\/spardax.se\/wp-content\/uploads\/2020\/05\/Vilda-7-veckor-450x300.jpg 450w, http:\/\/spardax.se\/wp-content\/uploads\/2020\/05\/Vilda-7-veckor-300x200.jpg 300w, http:\/\/spardax.se\/wp-content\/uploads\/2020\/05\/Vilda-7-veckor-768x512.jpg 768w, http:\/\/spardax.se\/wp-content\/uploads\/2020\/05\/Vilda-7-veckor.jpg 960w\" sizes=\"(max-width: 450px) 100vw, 450px\" \/>\t\t\t\t\t\t\t\t\t\t\t\t\t\t\t<\/div>\n\t\t\t\t<\/div>\n\t\t\t\t<div class=\"elementor-element elementor-element-d15a120 elementor-widget elementor-widget-image\" data-id=\"d15a120\" data-element_type=\"widget\" data-widget_type=\"image.default\">\n\t\t\t\t<div class=\"elementor-widget-container\">\n\t\t\t\t\t\t\t\t\t\t\t\t\t\t\t<img loading=\"lazy\" decoding=\"async\" width=\"450\" height=\"305\" src=\"http:\/\/spardax.se\/wp-content\/uploads\/2019\/02\/0FFC8F9C-70E2-473B-980B-75B3C31986EE-450x305.jpeg\" class=\"attachment-large size-large wp-image-1744\" alt=\"\" srcset=\"http:\/\/spardax.se\/wp-content\/uploads\/2019\/02\/0FFC8F9C-70E2-473B-980B-75B3C31986EE-450x305.jpeg 450w, http:\/\/spardax.se\/wp-content\/uploads\/2019\/02\/0FFC8F9C-70E2-473B-980B-75B3C31986EE-300x204.jpeg 300w, http:\/\/spardax.se\/wp-content\/uploads\/2019\/02\/0FFC8F9C-70E2-473B-980B-75B3C31986EE-768x521.jpeg 768w\" sizes=\"(max-width: 450px) 100vw, 450px\" \/>\t\t\t\t\t\t\t\t\t\t\t\t\t\t\t<\/div>\n\t\t\t\t<\/div>\n\t\t\t\t\t<\/div>\n\t\t<\/div>\n\t\t\t\t<div class=\"elementor-column elementor-col-33 elementor-top-column elementor-element elementor-element-34206da\" data-id=\"34206da\" data-element_type=\"column\">\n\t\t\t<div class=\"elementor-widget-wrap elementor-element-populated\">\n\t\t\t\t\t\t<div class=\"elementor-element elementor-element-ec97fd4 elementor-widget elementor-widget-image\" data-id=\"ec97fd4\" data-element_type=\"widget\" data-widget_type=\"image.default\">\n\t\t\t\t<div class=\"elementor-widget-container\">\n\t\t\t\t\t\t\t\t\t\t\t\t\t\t\t<img loading=\"lazy\" decoding=\"async\" width=\"450\" height=\"450\" src=\"http:\/\/spardax.se\/wp-content\/uploads\/2020\/05\/Vilda-vinter-450x450.jpg\" class=\"attachment-large size-large wp-image-2097\" alt=\"\" srcset=\"http:\/\/spardax.se\/wp-content\/uploads\/2020\/05\/Vilda-vinter-450x450.jpg 450w, http:\/\/spardax.se\/wp-content\/uploads\/2020\/05\/Vilda-vinter-300x300.jpg 300w, http:\/\/spardax.se\/wp-content\/uploads\/2020\/05\/Vilda-vinter-150x150.jpg 150w, http:\/\/spardax.se\/wp-content\/uploads\/2020\/05\/Vilda-vinter-768x768.jpg 768w, http:\/\/spardax.se\/wp-content\/uploads\/2020\/05\/Vilda-vinter-75x75.jpg 75w, http:\/\/spardax.se\/wp-content\/uploads\/2020\/05\/Vilda-vinter.jpg 960w\" sizes=\"(max-width: 450px) 100vw, 450px\" \/>\t\t\t\t\t\t\t\t\t\t\t\t\t\t\t<\/div>\n\t\t\t\t<\/div>\n\t\t\t\t<div class=\"elementor-element elementor-element-c66803f elementor-widget elementor-widget-image\" data-id=\"c66803f\" data-element_type=\"widget\" data-widget_type=\"image.default\">\n\t\t\t\t<div class=\"elementor-widget-container\">\n\t\t\t\t\t\t\t\t\t\t\t\t\t\t\t<img decoding=\"async\" src=\"http:\/\/spardax.se\/wp-content\/uploads\/elementor\/thumbs\/Center-Of-Attention-mqwj2zqa1s91h9501gcfv8uw2gl1nxd12or3a455oo.jpg\" title=\"Center Of Attention\" alt=\"Center Of Attention\" loading=\"lazy\" \/>\t\t\t\t\t\t\t\t\t\t\t\t\t\t\t<\/div>\n\t\t\t\t<\/div>\n\t\t\t\t\t<\/div>\n\t\t<\/div>\n\t\t\t\t\t<\/div>\n\t\t<\/section>\n\t\t\t\t<section class=\"elementor-section elementor-top-section elementor-element elementor-element-41793b5 elementor-section-boxed elementor-section-height-default elementor-section-height-default\" data-id=\"41793b5\" data-element_type=\"section\">\n\t\t\t\t\t\t<div class=\"elementor-container elementor-column-gap-default\">\n\t\t\t\t\t<div class=\"elementor-column elementor-col-100 elementor-top-column elementor-element elementor-element-7f3fe31\" data-id=\"7f3fe31\" data-element_type=\"column\">\n\t\t\t<div class=\"elementor-widget-wrap elementor-element-populated\">\n\t\t\t\t\t\t<div class=\"elementor-element elementor-element-80f3b11 elementor-position-left elementor-vertical-align-top elementor-widget elementor-widget-image-box\" data-id=\"80f3b11\" data-element_type=\"widget\" data-widget_type=\"image-box.default\">\n\t\t\t\t<div class=\"elementor-widget-container\">\n\t\t\t\t\t<div class=\"elementor-image-box-wrapper\"><figure class=\"elementor-image-box-img\"><a href=\"http:\/\/spardax.se\/?page_id=1785\" tabindex=\"-1\"><img loading=\"lazy\" decoding=\"async\" width=\"960\" height=\"640\" src=\"http:\/\/spardax.se\/wp-content\/uploads\/2020\/05\/D-kull-fem-veckor-25.jpg\" class=\"attachment-full size-full wp-image-1964\" alt=\"\" srcset=\"http:\/\/spardax.se\/wp-content\/uploads\/2020\/05\/D-kull-fem-veckor-25.jpg 960w, http:\/\/spardax.se\/wp-content\/uploads\/2020\/05\/D-kull-fem-veckor-25-300x200.jpg 300w, http:\/\/spardax.se\/wp-content\/uploads\/2020\/05\/D-kull-fem-veckor-25-450x300.jpg 450w, http:\/\/spardax.se\/wp-content\/uploads\/2020\/05\/D-kull-fem-veckor-25-768x512.jpg 768w\" sizes=\"(max-width: 960px) 100vw, 960px\" \/><\/a><\/figure><div class=\"elementor-image-box-content\"><h3 class=\"elementor-image-box-title\"><a href=\"http:\/\/spardax.se\/?page_id=1785\">Mamma till v\u00e5r D-kull<\/a><\/h3><p class=\"elementor-image-box-description\"><strong style=\"text-align: center;white-space: normal\">D-kullen f\u00f6ddes 2019-03-31. Tv\u00e5 hanar och en tik, alla \u00e4r r\u00f6da.<\/strong><\/p><\/div><\/div>\t\t\t\t<\/div>\n\t\t\t\t<\/div>\n\t\t\t\t\t<\/div>\n\t\t<\/div>\n\t\t\t\t\t<\/div>\n\t\t<\/section>\n\t\t\t\t<\/div>\n\t\t","protected":false},"excerpt":{"rendered":"<p>SE U(V)CH FI U(V)CH NO U(V)CH SE VCH L\u00e5ngh\u00e5rig dv\u00e4rgtax F\u00f6dd: 2016-04-04 Del\u00e4gs med Gabrielle Vikstr\u00f6m, Byske Mamma till v\u00e5r D-kull D-kullen f\u00f6ddes 2019-03-31. Tv\u00e5 hanar och en tik, alla \u00e4r r\u00f6da.<\/p>\n","protected":false},"author":1,"featured_media":0,"parent":7,"menu_order":0,"comment_status":"closed","ping_status":"closed","template":"","meta":{"site-sidebar-layout":"default","site-content-layout":"","ast-site-content-layout":"default","site-content-style":"default","site-sidebar-style":"default","ast-global-header-display":"","ast-banner-title-visibility":"","ast-main-header-display":"","ast-hfb-above-header-display":"","ast-hfb-below-header-display":"","ast-hfb-mobile-header-display":"","site-post-title":"","ast-breadcrumbs-content":"","ast-featured-img":"","footer-sml-layout":"","ast-disable-related-posts":"","theme-transparent-header-meta":"","adv-header-id-meta":"","stick-header-meta":"","header-above-stick-meta":"","header-main-stick-meta":"","header-below-stick-meta":"","astra-migrate-meta-layouts":"default","ast-page-background-enabled":"default","ast-page-background-meta":{"desktop":{"background-color":"","background-image":"","background-repeat":"repeat","background-position":"center center","background-size":"auto","background-attachment":"scroll","background-type":"","background-media":"","overlay-type":"","overlay-color":"","overlay-opacity":"","overlay-gradient":""},"tablet":{"background-color":"","background-image":"","background-repeat":"repeat","background-position":"center center","background-size":"auto","background-attachment":"scroll","background-type":"","background-media":"","overlay-type":"","overlay-color":"","overlay-opacity":"","overlay-gradient":""},"mobile":{"background-color":"","background-image":"","background-repeat":"repeat","background-position":"center center","background-size":"auto","background-attachment":"scroll","background-type":"","background-media":"","overlay-type":"","overlay-color":"","overlay-opacity":"","overlay-gradient":""}},"ast-content-background-meta":{"desktop":{"background-color":"var(--ast-global-color-5)","background-image":"","background-repeat":"repeat","background-position":"center center","background-size":"auto","background-attachment":"scroll","background-type":"","background-media":"","overlay-type":"","overlay-color":"","overlay-opacity":"","overlay-gradient":""},"tablet":{"background-color":"var(--ast-global-color-5)","background-image":"","background-repeat":"repeat","background-position":"center center","background-size":"auto","background-attachment":"scroll","background-type":"","background-media":"","overlay-type":"","overlay-color":"","overlay-opacity":"","overlay-gradient":""},"mobile":{"background-color":"var(--ast-global-color-5)","background-image":"","background-repeat":"repeat","background-position":"center center","background-size":"auto","background-attachment":"scroll","background-type":"","background-media":"","overlay-type":"","overlay-color":"","overlay-opacity":"","overlay-gradient":""}},"footnotes":""},"class_list":["post-1223","page","type-page","status-publish","hentry"],"_links":{"self":[{"href":"http:\/\/spardax.se\/index.php?rest_route=\/wp\/v2\/pages\/1223","targetHints":{"allow":["GET"]}}],"collection":[{"href":"http:\/\/spardax.se\/index.php?rest_route=\/wp\/v2\/pages"}],"about":[{"href":"http:\/\/spardax.se\/index.php?rest_route=\/wp\/v2\/types\/page"}],"author":[{"embeddable":true,"href":"http:\/\/spardax.se\/index.php?rest_route=\/wp\/v2\/users\/1"}],"replies":[{"embeddable":true,"href":"http:\/\/spardax.se\/index.php?rest_route=%2Fwp%2Fv2%2Fcomments&post=1223"}],"version-history":[{"count":23,"href":"http:\/\/spardax.se\/index.php?rest_route=\/wp\/v2\/pages\/1223\/revisions"}],"predecessor-version":[{"id":2122,"href":"http:\/\/spardax.se\/index.php?rest_route=\/wp\/v2\/pages\/1223\/revisions\/2122"}],"up":[{"embeddable":true,"href":"http:\/\/spardax.se\/index.php?rest_route=\/wp\/v2\/pages\/7"}],"wp:attachment":[{"href":"http:\/\/spardax.se\/index.php?rest_route=%2Fwp%2Fv2%2Fmedia&parent=1223"}],"curies":[{"name":"wp","href":"https:\/\/api.w.org\/{rel}","templated":true}]}}