{"id":32,"date":"2012-01-29T14:26:58","date_gmt":"2012-01-29T13:26:58","guid":{"rendered":"http:\/\/spardax.se\/?page_id=32"},"modified":"2019-05-25T16:14:24","modified_gmt":"2019-05-25T14:14:24","slug":"froken","status":"publish","type":"page","link":"http:\/\/spardax.se\/?page_id=32","title":{"rendered":"Tavlefj\u00e4rdens Dybczakov\u00e1"},"content":{"rendered":"<p style=\"text-align: center;\"><strong>&#8221;Fr\u00f6ken&#8221;<\/strong><\/p>\n<p style=\"text-align: center;\"><img fetchpriority=\"high\" decoding=\"async\" class=\"aligncenter size-medium wp-image-270\" title=\"Fr\u00f6ken\" src=\"http:\/\/spardax.se\/wp-content\/uploads\/2012\/05\/Fr\u00f6ken-300x224.jpg\" alt=\"\" width=\"300\" height=\"224\" srcset=\"http:\/\/spardax.se\/wp-content\/uploads\/2012\/05\/Fr\u00f6ken-300x224.jpg 300w, http:\/\/spardax.se\/wp-content\/uploads\/2012\/05\/Fr\u00f6ken-450x337.jpg 450w, http:\/\/spardax.se\/wp-content\/uploads\/2012\/05\/Fr\u00f6ken-400x300.jpg 400w, http:\/\/spardax.se\/wp-content\/uploads\/2012\/05\/Fr\u00f6ken.jpg 709w\" sizes=\"(max-width: 300px) 100vw, 300px\" \/><\/p>\n<p style=\"text-align: center;\">SE V-19 SE VV-19 NORD VV-16 DKV-11 HeW-10 C.I.E C.I.B NORDU (V)CH SE U(V)CH<br \/>\nFI U(V)CH NO U(V)CH DK (U)VCH LV UCH SE VCH<br \/>\n<strong>Tavlefj\u00e4rdens Dybczakov\u00e1<\/strong><\/p>\n<p style=\"text-align: center;\">\n<table id=\"tablepress-1\" class=\"tablepress tablepress-id-1\">\n<thead>\n<tr class=\"row-1\">\n\t<th class=\"column-1\">Fakta om Fr\u00f6ken<\/th><th class=\"column-2\">Facts about Fr\u00f6ken<\/th>\n<\/tr>\n<\/thead>\n<tbody>\n<tr class=\"row-2\">\n\t<td class=\"column-1\">F\u00f6dd: 2008-08-02<\/td><td class=\"column-2\">Born: 2008-08-02<\/td>\n<\/tr>\n<tr class=\"row-3\">\n\t<td class=\"column-1\">L\u00e5ngh\u00e5rig dv\u00e4rgtax<\/td><td class=\"column-2\">Longhaired miniature dachshund<\/td>\n<\/tr>\n<tr class=\"row-4\">\n\t<td class=\"column-1\">Uppf\u00f6dare: Tavlefj\u00e4rdens kennel<\/td><td class=\"column-2\">Breeder: Tavlefj\u00e4rdens kennel<\/td>\n<\/tr>\n<tr class=\"row-5\">\n\t<td class=\"column-1\">\u00d6gonlyst: 2010-12-22 ua, 2014-09-30 ua<\/td><td class=\"column-2\">Eyes checked: 2010-12-22, 2014-09-30<\/td>\n<\/tr>\n<tr class=\"row-6\">\n\t<td class=\"column-1\">PRA Cord 1 Normal<\/td><td class=\"column-2\">PRA Cord 1 Clear<\/td>\n<\/tr>\n<tr class=\"row-7\">\n\t<td class=\"column-1\">Ryggr\u00f6ntgen: K1 <\/td><td class=\"column-2\">Back x-ray: 1 calcification<\/td>\n<\/tr>\n<\/tbody>\n<\/table>\n<!-- #tablepress-1 from cache --><\/p>\n<p style=\"text-align: center;\"><a href=\"http:\/\/spardax.se\/?attachment_id=99\" rel=\"attachment wp-att-99\"><img decoding=\"async\" class=\"aligncenter size-full wp-image-99\" title=\"Fr\u00f6ken-pedigree\" src=\"http:\/\/spardax.se\/wp-content\/uploads\/2012\/01\/Fr\u00f6ken-pedigree1.jpg\" alt=\"Fr\u00f6kens pedigree\" width=\"474\" height=\"313\" srcset=\"http:\/\/spardax.se\/wp-content\/uploads\/2012\/01\/Fr\u00f6ken-pedigree1.jpg 474w, http:\/\/spardax.se\/wp-content\/uploads\/2012\/01\/Fr\u00f6ken-pedigree1-300x198.jpg 300w, http:\/\/spardax.se\/wp-content\/uploads\/2012\/01\/Fr\u00f6ken-pedigree1-450x297.jpg 450w, http:\/\/spardax.se\/wp-content\/uploads\/2012\/01\/Fr\u00f6ken-pedigree1-454x300.jpg 454w\" sizes=\"(max-width: 474px) 100vw, 474px\" \/><\/a><\/p>\n<p style=\"text-align: center;\">\u00a0<img decoding=\"async\" class=\"aligncenter size-medium wp-image-437\" style=\"border: 1px solid black;\" src=\"http:\/\/spardax.se\/wp-content\/uploads\/2012\/01\/Back-x-ray-300x432.jpg\" alt=\"Back x-ray\" width=\"300\" height=\"432\" srcset=\"http:\/\/spardax.se\/wp-content\/uploads\/2012\/01\/Back-x-ray-300x432.jpg 300w, http:\/\/spardax.se\/wp-content\/uploads\/2012\/01\/Back-x-ray-208x300.jpg 208w, http:\/\/spardax.se\/wp-content\/uploads\/2012\/01\/Back-x-ray.jpg 438w\" sizes=\"(max-width: 300px) 100vw, 300px\" \/><\/p>\n<p style=\"text-align: center;\"><img loading=\"lazy\" decoding=\"async\" class=\"aligncenter size-medium wp-image-534\" style=\"border: 1px solid black;\" src=\"http:\/\/spardax.se\/wp-content\/uploads\/2012\/01\/Fr\u00f6ken-Cord-1-300x399.jpg\" alt=\"Fr\u00f6ken Cord 1\" width=\"300\" height=\"399\" srcset=\"http:\/\/spardax.se\/wp-content\/uploads\/2012\/01\/Fr\u00f6ken-Cord-1-300x399.jpg 300w, http:\/\/spardax.se\/wp-content\/uploads\/2012\/01\/Fr\u00f6ken-Cord-1-450x599.jpg 450w, http:\/\/spardax.se\/wp-content\/uploads\/2012\/01\/Fr\u00f6ken-Cord-1-332x442.jpg 332w, http:\/\/spardax.se\/wp-content\/uploads\/2012\/01\/Fr\u00f6ken-Cord-1.jpg 628w\" sizes=\"(max-width: 300px) 100vw, 300px\" \/><\/p>\n","protected":false},"excerpt":{"rendered":"<p>&#8221;Fr\u00f6ken&#8221; SE V-19 SE VV-19 NORD VV-16 DKV-11 HeW-10 C.I.E C.I.B NORDU (V)CH SE U(V)CH FI U(V)CH NO U(V)CH DK (U)VCH LV UCH SE VCH Tavlefj\u00e4rdens Dybczakov\u00e1 \u00a0<\/p>\n","protected":false},"author":1,"featured_media":0,"parent":7,"menu_order":11,"comment_status":"closed","ping_status":"closed","template":"","meta":{"site-sidebar-layout":"default","site-content-layout":"","ast-site-content-layout":"default","site-content-style":"default","site-sidebar-style":"default","ast-global-header-display":"","ast-banner-title-visibility":"","ast-main-header-display":"","ast-hfb-above-header-display":"","ast-hfb-below-header-display":"","ast-hfb-mobile-header-display":"","site-post-title":"","ast-breadcrumbs-content":"","ast-featured-img":"","footer-sml-layout":"","ast-disable-related-posts":"","theme-transparent-header-meta":"","adv-header-id-meta":"","stick-header-meta":"","header-above-stick-meta":"","header-main-stick-meta":"","header-below-stick-meta":"","astra-migrate-meta-layouts":"default","ast-page-background-enabled":"default","ast-page-background-meta":{"desktop":{"background-color":"","background-image":"","background-repeat":"repeat","background-position":"center center","background-size":"auto","background-attachment":"scroll","background-type":"","background-media":"","overlay-type":"","overlay-color":"","overlay-opacity":"","overlay-gradient":""},"tablet":{"background-color":"","background-image":"","background-repeat":"repeat","background-position":"center center","background-size":"auto","background-attachment":"scroll","background-type":"","background-media":"","overlay-type":"","overlay-color":"","overlay-opacity":"","overlay-gradient":""},"mobile":{"background-color":"","background-image":"","background-repeat":"repeat","background-position":"center center","background-size":"auto","background-attachment":"scroll","background-type":"","background-media":"","overlay-type":"","overlay-color":"","overlay-opacity":"","overlay-gradient":""}},"ast-content-background-meta":{"desktop":{"background-color":"var(--ast-global-color-5)","background-image":"","background-repeat":"repeat","background-position":"center center","background-size":"auto","background-attachment":"scroll","background-type":"","background-media":"","overlay-type":"","overlay-color":"","overlay-opacity":"","overlay-gradient":""},"tablet":{"background-color":"var(--ast-global-color-5)","background-image":"","background-repeat":"repeat","background-position":"center center","background-size":"auto","background-attachment":"scroll","background-type":"","background-media":"","overlay-type":"","overlay-color":"","overlay-opacity":"","overlay-gradient":""},"mobile":{"background-color":"var(--ast-global-color-5)","background-image":"","background-repeat":"repeat","background-position":"center center","background-size":"auto","background-attachment":"scroll","background-type":"","background-media":"","overlay-type":"","overlay-color":"","overlay-opacity":"","overlay-gradient":""}},"footnotes":""},"class_list":["post-32","page","type-page","status-publish","hentry"],"_links":{"self":[{"href":"http:\/\/spardax.se\/index.php?rest_route=\/wp\/v2\/pages\/32","targetHints":{"allow":["GET"]}}],"collection":[{"href":"http:\/\/spardax.se\/index.php?rest_route=\/wp\/v2\/pages"}],"about":[{"href":"http:\/\/spardax.se\/index.php?rest_route=\/wp\/v2\/types\/page"}],"author":[{"embeddable":true,"href":"http:\/\/spardax.se\/index.php?rest_route=\/wp\/v2\/users\/1"}],"replies":[{"embeddable":true,"href":"http:\/\/spardax.se\/index.php?rest_route=%2Fwp%2Fv2%2Fcomments&post=32"}],"version-history":[{"count":57,"href":"http:\/\/spardax.se\/index.php?rest_route=\/wp\/v2\/pages\/32\/revisions"}],"predecessor-version":[{"id":1774,"href":"http:\/\/spardax.se\/index.php?rest_route=\/wp\/v2\/pages\/32\/revisions\/1774"}],"up":[{"embeddable":true,"href":"http:\/\/spardax.se\/index.php?rest_route=\/wp\/v2\/pages\/7"}],"wp:attachment":[{"href":"http:\/\/spardax.se\/index.php?rest_route=%2Fwp%2Fv2%2Fmedia&parent=32"}],"curies":[{"name":"wp","href":"https:\/\/api.w.org\/{rel}","templated":true}]}}