{"id":1058,"date":"2015-10-05T20:44:38","date_gmt":"2015-10-05T18:44:38","guid":{"rendered":"http:\/\/spardax.se\/?page_id=1058"},"modified":"2018-10-21T16:11:06","modified_gmt":"2018-10-21T14:11:06","slug":"bullens-avkommor","status":"publish","type":"page","link":"https:\/\/spardax.se\/?page_id=1058","title":{"rendered":"Bullens avkommor"},"content":{"rendered":"<p><strong>Kull 1\u00a0undan NORD JW-13 FI JW-13 EEW-15 FI CH EE CH<br \/>\nAavistuksen Tarua-Vai-Totta &#8221;Loru&#8221;<br \/>\n3 <\/strong><strong>hanar och\u00a04 tikar f\u00f6dda 2015-06-30<\/strong><\/p>\n<p>Aavistuksen Viikinki-Kuningas<\/p>\n<p>EE CH FI V-17 FI UCH FI JV-16 Aavistuksen Viikinki-P\u00e4\u00e4llikk\u00f6\u00f6 &#8221;&#8221;Iivari&#8221;<br \/>\n&#8211; Flera CERT &amp; BIR, BIG-1<\/p>\n<p>Aavistuksen Viikinki-Soturi<\/p>\n<p>Aavistuksen Viikinki-Neito<\/p>\n<p>EE CH SE UCH FI UCH Aavistuksen\u00a0Viikinki-Aarre &#8221;Sohvi&#8221; (Kanin)<br \/>\n&#8211; PIKA1, R-CERT, R-CACIB<\/p>\n<p>FI UCH Aavistuksen Viikinki-Taru &#8221;Saaga&#8221; (Kanin)<br \/>\n&#8211; PIKA1<\/p>\n<p>Aavistuksen Viikinki-Prinsessa<\/p>\n<p><strong>\u00a0Kull 2 undan\u00a0C.I.B SE U(V)CH SE VCH Tavlefj\u00e4rdens Eldrid\u00a0&#8221;Dixie&#8221;<br \/>\n1 hane och\u00a02 tikar f\u00f6dda 2016-09-18<\/strong><\/p>\n<p>Bevorax Excellenta Rambo &#8221;Rambo&#8221;<\/p>\n<p>JWW-17 Bevorax Excellenta Lilly &#8221;Lilly&#8221;<br \/>\n&#8211; Cert i Finland<\/p>\n<p>Bevorax Excellenta M\u00e4rta &#8221;M\u00e4rta&#8221;<br \/>\n&#8211; BIM<\/p>\n","protected":false},"excerpt":{"rendered":"<p>Kull 1\u00a0undan NORD JW-13 FI JW-13 EEW-15 FI CH EE CH Aavistuksen Tarua-Vai-Totta &#8221;Loru&#8221; 3 hanar och\u00a04 tikar f\u00f6dda 2015-06-30 Aavistuksen Viikinki-Kuningas EE CH FI V-17 FI UCH FI JV-16 Aavistuksen Viikinki-P\u00e4\u00e4llikk\u00f6\u00f6 &#8221;&#8221;Iivari&#8221; &#8211; Flera CERT &amp; BIR, BIG-1 Aavistuksen Viikinki-Soturi Aavistuksen Viikinki-Neito EE CH SE UCH FI UCH Aavistuksen\u00a0Viikinki-Aarre &#8221;Sohvi&#8221; (Kanin) &#8211; PIKA1, R-CERT, [&hellip;]<\/p>\n","protected":false},"author":1,"featured_media":0,"parent":802,"menu_order":0,"comment_status":"closed","ping_status":"closed","template":"","meta":{"site-sidebar-layout":"default","site-content-layout":"","ast-site-content-layout":"default","site-content-style":"default","site-sidebar-style":"default","ast-global-header-display":"","ast-banner-title-visibility":"","ast-main-header-display":"","ast-hfb-above-header-display":"","ast-hfb-below-header-display":"","ast-hfb-mobile-header-display":"","site-post-title":"","ast-breadcrumbs-content":"","ast-featured-img":"","footer-sml-layout":"","ast-disable-related-posts":"","theme-transparent-header-meta":"","adv-header-id-meta":"","stick-header-meta":"","header-above-stick-meta":"","header-main-stick-meta":"","header-below-stick-meta":"","astra-migrate-meta-layouts":"default","ast-page-background-enabled":"default","ast-page-background-meta":{"desktop":{"background-color":"","background-image":"","background-repeat":"repeat","background-position":"center center","background-size":"auto","background-attachment":"scroll","background-type":"","background-media":"","overlay-type":"","overlay-color":"","overlay-opacity":"","overlay-gradient":""},"tablet":{"background-color":"","background-image":"","background-repeat":"repeat","background-position":"center center","background-size":"auto","background-attachment":"scroll","background-type":"","background-media":"","overlay-type":"","overlay-color":"","overlay-opacity":"","overlay-gradient":""},"mobile":{"background-color":"","background-image":"","background-repeat":"repeat","background-position":"center center","background-size":"auto","background-attachment":"scroll","background-type":"","background-media":"","overlay-type":"","overlay-color":"","overlay-opacity":"","overlay-gradient":""}},"ast-content-background-meta":{"desktop":{"background-color":"var(--ast-global-color-5)","background-image":"","background-repeat":"repeat","background-position":"center center","background-size":"auto","background-attachment":"scroll","background-type":"","background-media":"","overlay-type":"","overlay-color":"","overlay-opacity":"","overlay-gradient":""},"tablet":{"background-color":"var(--ast-global-color-5)","background-image":"","background-repeat":"repeat","background-position":"center center","background-size":"auto","background-attachment":"scroll","background-type":"","background-media":"","overlay-type":"","overlay-color":"","overlay-opacity":"","overlay-gradient":""},"mobile":{"background-color":"var(--ast-global-color-5)","background-image":"","background-repeat":"repeat","background-position":"center center","background-size":"auto","background-attachment":"scroll","background-type":"","background-media":"","overlay-type":"","overlay-color":"","overlay-opacity":"","overlay-gradient":""}},"footnotes":""},"class_list":["post-1058","page","type-page","status-publish","hentry"],"_links":{"self":[{"href":"https:\/\/spardax.se\/index.php?rest_route=\/wp\/v2\/pages\/1058","targetHints":{"allow":["GET"]}}],"collection":[{"href":"https:\/\/spardax.se\/index.php?rest_route=\/wp\/v2\/pages"}],"about":[{"href":"https:\/\/spardax.se\/index.php?rest_route=\/wp\/v2\/types\/page"}],"author":[{"embeddable":true,"href":"https:\/\/spardax.se\/index.php?rest_route=\/wp\/v2\/users\/1"}],"replies":[{"embeddable":true,"href":"https:\/\/spardax.se\/index.php?rest_route=%2Fwp%2Fv2%2Fcomments&post=1058"}],"version-history":[{"count":18,"href":"https:\/\/spardax.se\/index.php?rest_route=\/wp\/v2\/pages\/1058\/revisions"}],"predecessor-version":[{"id":1734,"href":"https:\/\/spardax.se\/index.php?rest_route=\/wp\/v2\/pages\/1058\/revisions\/1734"}],"up":[{"embeddable":true,"href":"https:\/\/spardax.se\/index.php?rest_route=\/wp\/v2\/pages\/802"}],"wp:attachment":[{"href":"https:\/\/spardax.se\/index.php?rest_route=%2Fwp%2Fv2%2Fmedia&parent=1058"}],"curies":[{"name":"wp","href":"https:\/\/api.w.org\/{rel}","templated":true}]}}