{"id":110,"date":"2012-01-29T18:58:56","date_gmt":"2012-01-29T17:58:56","guid":{"rendered":"http:\/\/spardax.se\/?page_id=110"},"modified":"2022-01-05T10:23:51","modified_gmt":"2022-01-05T09:23:51","slug":"kenneln-the-kennel","status":"publish","type":"page","link":"https:\/\/spardax.se\/?page_id=110","title":{"rendered":"Om kenneln"},"content":{"rendered":"\t\t<div data-elementor-type=\"wp-page\" data-elementor-id=\"110\" class=\"elementor elementor-110\">\n\t\t\t\t\t\t<section class=\"elementor-section elementor-top-section elementor-element elementor-element-31e19f44 elementor-section-boxed elementor-section-height-default elementor-section-height-default\" data-id=\"31e19f44\" data-element_type=\"section\">\n\t\t\t\t\t\t<div class=\"elementor-container elementor-column-gap-default\">\n\t\t\t\t\t<div class=\"elementor-column elementor-col-100 elementor-top-column elementor-element elementor-element-71471b64\" data-id=\"71471b64\" data-element_type=\"column\">\n\t\t\t<div class=\"elementor-widget-wrap elementor-element-populated\">\n\t\t\t\t\t\t<div class=\"elementor-element elementor-element-5d92d4bd elementor-widget elementor-widget-text-editor\" data-id=\"5d92d4bd\" data-element_type=\"widget\" data-widget_type=\"text-editor.default\">\n\t\t\t\t<div class=\"elementor-widget-container\">\n\t\t\t\t\t\t\t\t\t<p>Kennelnamnet godk\u00e4ndes 2008 och 2013 f\u00f6ddes den f\u00f6rsta kullen under prefixet Sp\u00e5rdax.&nbsp;Kennelns m\u00e5ls\u00e4ttning \u00e4r inte att f\u00f6da upp valpar i kvantitet, utan med kvalit\u00e9 d\u00e4r mentalitet, h\u00e4lsa och exteri\u00f6r st\u00e5r i fokus.<\/p>\n<p>Jag som innehar kennel Sp\u00e5rdax heter Anna Kronman och min f\u00f6rsta tax flyttade in 2002 och sedan dess har rasen legat mig varmt om hj\u00e4rtat. I slutet av \u00e5r 2021 ut\u00f6kades flocken med en Podengo Portugues.<\/p>\n<p>Familjen best\u00e5r av mig, Anna, min&nbsp;man Roger och v\u00e5ra tv\u00e5 ton\u00e5rsgrabbar. Vi bor i ett hus i Gammelstad, ca 10 km utanf\u00f6r Lule\u00e5 i norra Sverige.<\/p>\n<p><\/p>\t\t\t\t\t\t\t\t<\/div>\n\t\t\t\t<\/div>\n\t\t\t\t\t<\/div>\n\t\t<\/div>\n\t\t\t\t\t<\/div>\n\t\t<\/section>\n\t\t\t\t<section class=\"elementor-section elementor-top-section elementor-element elementor-element-08c1ee9 elementor-section-boxed elementor-section-height-default elementor-section-height-default\" data-id=\"08c1ee9\" data-element_type=\"section\">\n\t\t\t\t\t\t<div class=\"elementor-container elementor-column-gap-default\">\n\t\t\t\t\t<div class=\"elementor-column elementor-col-33 elementor-top-column elementor-element elementor-element-20aca45\" data-id=\"20aca45\" data-element_type=\"column\">\n\t\t\t<div class=\"elementor-widget-wrap elementor-element-populated\">\n\t\t\t\t\t\t<div class=\"elementor-element elementor-element-21a7821 elementor-widget elementor-widget-image\" data-id=\"21a7821\" data-element_type=\"widget\" data-widget_type=\"image.default\">\n\t\t\t\t<div class=\"elementor-widget-container\">\n\t\t\t\t\t\t\t\t\t\t\t\t\t\t\t<img fetchpriority=\"high\" decoding=\"async\" width=\"450\" height=\"552\" src=\"http:\/\/spardax.se\/wp-content\/uploads\/2020\/05\/Anna-profilbild-450x552.jpg\" class=\"attachment-large size-large wp-image-2055\" alt=\"\" srcset=\"http:\/\/spardax.se\/wp-content\/uploads\/2020\/05\/Anna-profilbild-450x552.jpg 450w, http:\/\/spardax.se\/wp-content\/uploads\/2020\/05\/Anna-profilbild-300x368.jpg 300w, http:\/\/spardax.se\/wp-content\/uploads\/2020\/05\/Anna-profilbild-768x943.jpg 768w, http:\/\/spardax.se\/wp-content\/uploads\/2020\/05\/Anna-profilbild.jpg 782w\" sizes=\"(max-width: 450px) 100vw, 450px\" \/>\t\t\t\t\t\t\t\t\t\t\t\t\t\t\t<\/div>\n\t\t\t\t<\/div>\n\t\t\t\t\t<\/div>\n\t\t<\/div>\n\t\t\t\t<div class=\"elementor-column elementor-col-33 elementor-top-column elementor-element elementor-element-0797432\" data-id=\"0797432\" data-element_type=\"column\">\n\t\t\t<div class=\"elementor-widget-wrap elementor-element-populated\">\n\t\t\t\t\t\t<div class=\"elementor-element elementor-element-32f80b0 elementor-widget elementor-widget-image\" data-id=\"32f80b0\" data-element_type=\"widget\" data-widget_type=\"image.default\">\n\t\t\t\t<div class=\"elementor-widget-container\">\n\t\t\t\t\t\t\t\t\t\t\t\t\t\t\t<img decoding=\"async\" width=\"450\" height=\"508\" src=\"http:\/\/spardax.se\/wp-content\/uploads\/2012\/01\/Maja-Bornholm-450x508.jpg\" class=\"attachment-large size-large wp-image-733\" alt=\"\" srcset=\"http:\/\/spardax.se\/wp-content\/uploads\/2012\/01\/Maja-Bornholm-450x508.jpg 450w, http:\/\/spardax.se\/wp-content\/uploads\/2012\/01\/Maja-Bornholm-300x338.jpg 300w, http:\/\/spardax.se\/wp-content\/uploads\/2012\/01\/Maja-Bornholm-700x790.jpg 700w, http:\/\/spardax.se\/wp-content\/uploads\/2012\/01\/Maja-Bornholm-332x374.jpg 332w, http:\/\/spardax.se\/wp-content\/uploads\/2012\/01\/Maja-Bornholm.jpg 850w\" sizes=\"(max-width: 450px) 100vw, 450px\" \/>\t\t\t\t\t\t\t\t\t\t\t\t\t\t\t<\/div>\n\t\t\t\t<\/div>\n\t\t\t\t\t<\/div>\n\t\t<\/div>\n\t\t\t\t<div class=\"elementor-column elementor-col-33 elementor-top-column elementor-element elementor-element-b387056\" data-id=\"b387056\" data-element_type=\"column\">\n\t\t\t<div class=\"elementor-widget-wrap elementor-element-populated\">\n\t\t\t\t\t\t<div class=\"elementor-element elementor-element-6bfd2eb elementor-widget elementor-widget-image\" data-id=\"6bfd2eb\" data-element_type=\"widget\" data-widget_type=\"image.default\">\n\t\t\t\t<div class=\"elementor-widget-container\">\n\t\t\t\t\t\t\t\t\t\t\t\t\t\t\t<img decoding=\"async\" width=\"450\" height=\"299\" src=\"http:\/\/spardax.se\/wp-content\/uploads\/2013\/03\/7v-Roger-450x299.jpg\" class=\"attachment-large size-large wp-image-658\" alt=\"\" srcset=\"http:\/\/spardax.se\/wp-content\/uploads\/2013\/03\/7v-Roger-450x299.jpg 450w, http:\/\/spardax.se\/wp-content\/uploads\/2013\/03\/7v-Roger-300x199.jpg 300w, http:\/\/spardax.se\/wp-content\/uploads\/2013\/03\/7v-Roger-700x466.jpg 700w, http:\/\/spardax.se\/wp-content\/uploads\/2013\/03\/7v-Roger-332x221.jpg 332w, http:\/\/spardax.se\/wp-content\/uploads\/2013\/03\/7v-Roger.jpg 709w\" sizes=\"(max-width: 450px) 100vw, 450px\" \/>\t\t\t\t\t\t\t\t\t\t\t\t\t\t\t<\/div>\n\t\t\t\t<\/div>\n\t\t\t\t<div class=\"elementor-element elementor-element-fa9a4ae elementor-widget elementor-widget-image\" data-id=\"fa9a4ae\" data-element_type=\"widget\" data-widget_type=\"image.default\">\n\t\t\t\t<div class=\"elementor-widget-container\">\n\t\t\t\t\t\t\t\t\t\t\t\t\t\t\t<img loading=\"lazy\" decoding=\"async\" width=\"450\" height=\"338\" src=\"http:\/\/spardax.se\/wp-content\/uploads\/2020\/05\/Familjen-450x338.jpg\" class=\"attachment-large size-large wp-image-2058\" alt=\"\" srcset=\"http:\/\/spardax.se\/wp-content\/uploads\/2020\/05\/Familjen-450x338.jpg 450w, http:\/\/spardax.se\/wp-content\/uploads\/2020\/05\/Familjen-300x225.jpg 300w, http:\/\/spardax.se\/wp-content\/uploads\/2020\/05\/Familjen-768x576.jpg 768w, http:\/\/spardax.se\/wp-content\/uploads\/2020\/05\/Familjen.jpg 960w\" sizes=\"(max-width: 450px) 100vw, 450px\" \/>\t\t\t\t\t\t\t\t\t\t\t\t\t\t\t<\/div>\n\t\t\t\t<\/div>\n\t\t\t\t\t<\/div>\n\t\t<\/div>\n\t\t\t\t\t<\/div>\n\t\t<\/section>\n\t\t\t\t<section class=\"elementor-section elementor-top-section elementor-element elementor-element-aea554f elementor-section-boxed elementor-section-height-default elementor-section-height-default\" data-id=\"aea554f\" data-element_type=\"section\">\n\t\t\t\t\t\t<div class=\"elementor-container elementor-column-gap-default\">\n\t\t\t\t\t<div class=\"elementor-column elementor-col-50 elementor-top-column elementor-element elementor-element-fc7cf9d\" data-id=\"fc7cf9d\" data-element_type=\"column\">\n\t\t\t<div class=\"elementor-widget-wrap elementor-element-populated\">\n\t\t\t\t\t\t<div class=\"elementor-element elementor-element-136bce8 elementor-widget elementor-widget-text-editor\" data-id=\"136bce8\" data-element_type=\"widget\" data-widget_type=\"text-editor.default\">\n\t\t\t\t<div class=\"elementor-widget-container\">\n\t\t\t\t\t\t\t\t\t<p style=\"text-align: center;\"><strong>Kontakta mig p\u00e5:<\/strong><\/p><p style=\"text-align: center;\"><span style=\"letter-spacing: 0px;\">E-mail: anna.kronman@gmail.com<\/span><\/p><p style=\"text-align: center;\"><span style=\"letter-spacing: 0px;\">Telefon: (+46 )070-75 28 066<\/span><\/p>\t\t\t\t\t\t\t\t<\/div>\n\t\t\t\t<\/div>\n\t\t\t\t\t<\/div>\n\t\t<\/div>\n\t\t\t\t<div class=\"elementor-column elementor-col-50 elementor-top-column elementor-element elementor-element-6de5710\" data-id=\"6de5710\" data-element_type=\"column\">\n\t\t\t<div class=\"elementor-widget-wrap elementor-element-populated\">\n\t\t\t\t\t\t<div class=\"elementor-element elementor-element-c4e1237 elementor-widget elementor-widget-google_maps\" data-id=\"c4e1237\" data-element_type=\"widget\" data-widget_type=\"google_maps.default\">\n\t\t\t\t<div class=\"elementor-widget-container\">\n\t\t\t\t\t\t\t<div class=\"elementor-custom-embed\">\n\t\t\t<iframe loading=\"lazy\"\n\t\t\t\t\tsrc=\"https:\/\/maps.google.com\/maps?q=%C3%96v%C3%A4gen%2C%20Gammelstad&#038;t=m&#038;z=10&#038;output=embed&#038;iwloc=near\"\n\t\t\t\t\ttitle=\"\u00d6v\u00e4gen, Gammelstad\"\n\t\t\t\t\taria-label=\"\u00d6v\u00e4gen, Gammelstad\"\n\t\t\t><\/iframe>\n\t\t<\/div>\n\t\t\t\t\t\t<\/div>\n\t\t\t\t<\/div>\n\t\t\t\t\t<\/div>\n\t\t<\/div>\n\t\t\t\t\t<\/div>\n\t\t<\/section>\n\t\t\t\t<\/div>\n\t\t","protected":false},"excerpt":{"rendered":"<p>Kennelnamnet godk\u00e4ndes 2008 och 2013 f\u00f6ddes den f\u00f6rsta kullen under prefixet Sp\u00e5rdax.&nbsp;Kennelns m\u00e5ls\u00e4ttning \u00e4r inte att f\u00f6da upp valpar i kvantitet, utan med kvalit\u00e9 d\u00e4r mentalitet, h\u00e4lsa och exteri\u00f6r st\u00e5r i fokus. Jag som innehar kennel Sp\u00e5rdax heter Anna Kronman och min f\u00f6rsta tax flyttade in 2002 och sedan dess har rasen legat mig varmt [&hellip;]<\/p>\n","protected":false},"author":1,"featured_media":0,"parent":0,"menu_order":10,"comment_status":"closed","ping_status":"closed","template":"","meta":{"site-sidebar-layout":"default","site-content-layout":"","ast-site-content-layout":"default","site-content-style":"default","site-sidebar-style":"default","ast-global-header-display":"","ast-banner-title-visibility":"","ast-main-header-display":"","ast-hfb-above-header-display":"","ast-hfb-below-header-display":"","ast-hfb-mobile-header-display":"","site-post-title":"","ast-breadcrumbs-content":"","ast-featured-img":"","footer-sml-layout":"","ast-disable-related-posts":"","theme-transparent-header-meta":"","adv-header-id-meta":"","stick-header-meta":"","header-above-stick-meta":"","header-main-stick-meta":"","header-below-stick-meta":"","astra-migrate-meta-layouts":"default","ast-page-background-enabled":"default","ast-page-background-meta":{"desktop":{"background-color":"","background-image":"","background-repeat":"repeat","background-position":"center center","background-size":"auto","background-attachment":"scroll","background-type":"","background-media":"","overlay-type":"","overlay-color":"","overlay-opacity":"","overlay-gradient":""},"tablet":{"background-color":"","background-image":"","background-repeat":"repeat","background-position":"center center","background-size":"auto","background-attachment":"scroll","background-type":"","background-media":"","overlay-type":"","overlay-color":"","overlay-opacity":"","overlay-gradient":""},"mobile":{"background-color":"","background-image":"","background-repeat":"repeat","background-position":"center center","background-size":"auto","background-attachment":"scroll","background-type":"","background-media":"","overlay-type":"","overlay-color":"","overlay-opacity":"","overlay-gradient":""}},"ast-content-background-meta":{"desktop":{"background-color":"var(--ast-global-color-5)","background-image":"","background-repeat":"repeat","background-position":"center center","background-size":"auto","background-attachment":"scroll","background-type":"","background-media":"","overlay-type":"","overlay-color":"","overlay-opacity":"","overlay-gradient":""},"tablet":{"background-color":"var(--ast-global-color-5)","background-image":"","background-repeat":"repeat","background-position":"center center","background-size":"auto","background-attachment":"scroll","background-type":"","background-media":"","overlay-type":"","overlay-color":"","overlay-opacity":"","overlay-gradient":""},"mobile":{"background-color":"var(--ast-global-color-5)","background-image":"","background-repeat":"repeat","background-position":"center center","background-size":"auto","background-attachment":"scroll","background-type":"","background-media":"","overlay-type":"","overlay-color":"","overlay-opacity":"","overlay-gradient":""}},"footnotes":""},"class_list":["post-110","page","type-page","status-publish","hentry"],"_links":{"self":[{"href":"https:\/\/spardax.se\/index.php?rest_route=\/wp\/v2\/pages\/110","targetHints":{"allow":["GET"]}}],"collection":[{"href":"https:\/\/spardax.se\/index.php?rest_route=\/wp\/v2\/pages"}],"about":[{"href":"https:\/\/spardax.se\/index.php?rest_route=\/wp\/v2\/types\/page"}],"author":[{"embeddable":true,"href":"https:\/\/spardax.se\/index.php?rest_route=\/wp\/v2\/users\/1"}],"replies":[{"embeddable":true,"href":"https:\/\/spardax.se\/index.php?rest_route=%2Fwp%2Fv2%2Fcomments&post=110"}],"version-history":[{"count":22,"href":"https:\/\/spardax.se\/index.php?rest_route=\/wp\/v2\/pages\/110\/revisions"}],"predecessor-version":[{"id":2664,"href":"https:\/\/spardax.se\/index.php?rest_route=\/wp\/v2\/pages\/110\/revisions\/2664"}],"wp:attachment":[{"href":"https:\/\/spardax.se\/index.php?rest_route=%2Fwp%2Fv2%2Fmedia&parent=110"}],"curies":[{"name":"wp","href":"https:\/\/api.w.org\/{rel}","templated":true}]}}