{"id":1514,"date":"2017-08-08T08:52:24","date_gmt":"2017-08-08T06:52:24","guid":{"rendered":"http:\/\/spardax.se\/?page_id=1514"},"modified":"2021-12-21T12:25:36","modified_gmt":"2021-12-21T11:25:36","slug":"marvel-greit-picoletta","status":"publish","type":"page","link":"https:\/\/spardax.se\/?page_id=1514","title":{"rendered":"Marvel Greit Picoletta &#8221;Pia&#8221;"},"content":{"rendered":"\t\t<div data-elementor-type=\"wp-page\" data-elementor-id=\"1514\" class=\"elementor elementor-1514\">\n\t\t\t\t\t\t<section class=\"elementor-section elementor-top-section elementor-element elementor-element-2581406 elementor-section-boxed elementor-section-height-default elementor-section-height-default\" data-id=\"2581406\" data-element_type=\"section\">\n\t\t\t\t\t\t<div class=\"elementor-container elementor-column-gap-default\">\n\t\t\t\t\t<div class=\"elementor-column elementor-col-100 elementor-top-column elementor-element elementor-element-c73c2ac\" data-id=\"c73c2ac\" data-element_type=\"column\">\n\t\t\t<div class=\"elementor-widget-wrap elementor-element-populated\">\n\t\t\t\t\t\t<div class=\"elementor-element elementor-element-d0e65a5 elementor-widget elementor-widget-text-editor\" data-id=\"d0e65a5\" data-element_type=\"widget\" data-widget_type=\"text-editor.default\">\n\t\t\t\t<div class=\"elementor-widget-container\">\n\t\t\t\t\t\t\t\t\t<p><span style=\"font-size: 16px; font-style: normal; font-weight: 400; text-align: center;\">SE V-19 NORDIC CH NORD U(V)CH SE U(V)CH\u00a0<\/span><span style=\"font-size: 16px; font-style: normal; font-weight: 400; text-align: center;\">FI U(V)CH\u00a0 NO U(V)CH\u00a0 SE VCH<\/span><\/p>\t\t\t\t\t\t\t\t<\/div>\n\t\t\t\t<\/div>\n\t\t\t\t<div class=\"elementor-element elementor-element-3a19d1b elementor-widget elementor-widget-image\" data-id=\"3a19d1b\" data-element_type=\"widget\" data-widget_type=\"image.default\">\n\t\t\t\t<div class=\"elementor-widget-container\">\n\t\t\t\t\t\t\t\t\t\t\t\t\t\t\t<img fetchpriority=\"high\" decoding=\"async\" width=\"450\" height=\"338\" src=\"https:\/\/spardax.se\/wp-content\/uploads\/2020\/05\/Pia-silverfallet-2019-450x338.jpg\" class=\"attachment-large size-large wp-image-1893\" alt=\"\" srcset=\"https:\/\/spardax.se\/wp-content\/uploads\/2020\/05\/Pia-silverfallet-2019-450x338.jpg 450w, https:\/\/spardax.se\/wp-content\/uploads\/2020\/05\/Pia-silverfallet-2019-300x225.jpg 300w, https:\/\/spardax.se\/wp-content\/uploads\/2020\/05\/Pia-silverfallet-2019-768x576.jpg 768w, https:\/\/spardax.se\/wp-content\/uploads\/2020\/05\/Pia-silverfallet-2019.jpg 960w\" sizes=\"(max-width: 450px) 100vw, 450px\" \/>\t\t\t\t\t\t\t\t\t\t\t\t\t\t\t<\/div>\n\t\t\t\t<\/div>\n\t\t\t\t\t<\/div>\n\t\t<\/div>\n\t\t\t\t\t<\/div>\n\t\t<\/section>\n\t\t\t\t<section class=\"elementor-section elementor-top-section elementor-element elementor-element-4614829e elementor-section-boxed elementor-section-height-default elementor-section-height-default\" data-id=\"4614829e\" data-element_type=\"section\">\n\t\t\t\t\t\t<div class=\"elementor-container elementor-column-gap-default\">\n\t\t\t\t\t<div class=\"elementor-column elementor-col-100 elementor-top-column elementor-element elementor-element-4fd4b3e\" data-id=\"4fd4b3e\" data-element_type=\"column\">\n\t\t\t<div class=\"elementor-widget-wrap elementor-element-populated\">\n\t\t\t\t\t\t<div class=\"elementor-element elementor-element-d4217b1 elementor-widget elementor-widget-text-editor\" data-id=\"d4217b1\" data-element_type=\"widget\" data-widget_type=\"text-editor.default\">\n\t\t\t\t<div class=\"elementor-widget-container\">\n\t\t\t\t\t\t\t\t\t<p>L\u00e5ngh\u00e5rig kanintax<br \/>F\u00f6dd 2017-04-06<br \/>Uppf\u00f6dare: Natalya Marina, Ryssland<br \/>\u00c4gare: Vi sj\u00e4lva<\/p>\t\t\t\t\t\t\t\t<\/div>\n\t\t\t\t<\/div>\n\t\t\t\t\t<\/div>\n\t\t<\/div>\n\t\t\t\t\t<\/div>\n\t\t<\/section>\n\t\t\t\t<section class=\"elementor-section elementor-top-section elementor-element elementor-element-23a4859 elementor-section-boxed elementor-section-height-default elementor-section-height-default\" data-id=\"23a4859\" data-element_type=\"section\">\n\t\t\t\t\t\t<div class=\"elementor-container elementor-column-gap-default\">\n\t\t\t\t\t<div class=\"elementor-column elementor-col-100 elementor-top-column elementor-element elementor-element-f9f75fa\" data-id=\"f9f75fa\" data-element_type=\"column\">\n\t\t\t<div class=\"elementor-widget-wrap elementor-element-populated\">\n\t\t\t\t\t\t<div class=\"elementor-element elementor-element-a46670f elementor-widget-divider--view-line elementor-widget elementor-widget-divider\" data-id=\"a46670f\" data-element_type=\"widget\" data-widget_type=\"divider.default\">\n\t\t\t\t<div class=\"elementor-widget-container\">\n\t\t\t\t\t\t\t<div class=\"elementor-divider\">\n\t\t\t<span class=\"elementor-divider-separator\">\n\t\t\t\t\t\t<\/span>\n\t\t<\/div>\n\t\t\t\t\t\t<\/div>\n\t\t\t\t<\/div>\n\t\t\t\t\t<\/div>\n\t\t<\/div>\n\t\t\t\t\t<\/div>\n\t\t<\/section>\n\t\t\t\t<section class=\"elementor-section elementor-top-section elementor-element elementor-element-3ae3ff0 elementor-section-boxed elementor-section-height-default elementor-section-height-default\" data-id=\"3ae3ff0\" data-element_type=\"section\">\n\t\t\t\t\t\t<div class=\"elementor-container elementor-column-gap-default\">\n\t\t\t\t\t<div class=\"elementor-column elementor-col-33 elementor-top-column elementor-element elementor-element-b4a3442\" data-id=\"b4a3442\" data-element_type=\"column\">\n\t\t\t<div class=\"elementor-widget-wrap elementor-element-populated\">\n\t\t\t\t\t\t<div class=\"elementor-element elementor-element-8f86640 elementor-widget elementor-widget-image\" data-id=\"8f86640\" data-element_type=\"widget\" data-widget_type=\"image.default\">\n\t\t\t\t<div class=\"elementor-widget-container\">\n\t\t\t\t\t\t\t\t\t\t\t\t\t\t\t<img decoding=\"async\" width=\"450\" height=\"306\" src=\"https:\/\/spardax.se\/wp-content\/uploads\/2019\/05\/Pia_SEV19-450x306.jpg\" class=\"attachment-large size-large wp-image-1772\" alt=\"\" srcset=\"https:\/\/spardax.se\/wp-content\/uploads\/2019\/05\/Pia_SEV19-450x306.jpg 450w, https:\/\/spardax.se\/wp-content\/uploads\/2019\/05\/Pia_SEV19-300x204.jpg 300w, https:\/\/spardax.se\/wp-content\/uploads\/2019\/05\/Pia_SEV19-768x522.jpg 768w, https:\/\/spardax.se\/wp-content\/uploads\/2019\/05\/Pia_SEV19.jpg 877w\" sizes=\"(max-width: 450px) 100vw, 450px\" \/>\t\t\t\t\t\t\t\t\t\t\t\t\t\t\t<\/div>\n\t\t\t\t<\/div>\n\t\t\t\t<div class=\"elementor-element elementor-element-c87b2a5 elementor-widget elementor-widget-image\" data-id=\"c87b2a5\" data-element_type=\"widget\" data-widget_type=\"image.default\">\n\t\t\t\t<div class=\"elementor-widget-container\">\n\t\t\t\t\t\t\t\t\t\t\t\t\t\t\t<img decoding=\"async\" width=\"450\" height=\"300\" src=\"https:\/\/spardax.se\/wp-content\/uploads\/2020\/05\/Pia-med-kl\u00f6v-2-450x300.jpg\" class=\"attachment-large size-large wp-image-1887\" alt=\"\" srcset=\"https:\/\/spardax.se\/wp-content\/uploads\/2020\/05\/Pia-med-kl\u00f6v-2-450x300.jpg 450w, https:\/\/spardax.se\/wp-content\/uploads\/2020\/05\/Pia-med-kl\u00f6v-2-300x200.jpg 300w, https:\/\/spardax.se\/wp-content\/uploads\/2020\/05\/Pia-med-kl\u00f6v-2-768x512.jpg 768w, https:\/\/spardax.se\/wp-content\/uploads\/2020\/05\/Pia-med-kl\u00f6v-2.jpg 1080w\" sizes=\"(max-width: 450px) 100vw, 450px\" \/>\t\t\t\t\t\t\t\t\t\t\t\t\t\t\t<\/div>\n\t\t\t\t<\/div>\n\t\t\t\t<div class=\"elementor-element elementor-element-e7cf2b1 elementor-widget elementor-widget-image\" data-id=\"e7cf2b1\" data-element_type=\"widget\" data-widget_type=\"image.default\">\n\t\t\t\t<div class=\"elementor-widget-container\">\n\t\t\t\t\t\t\t\t\t\t\t\t\t\t\t<img loading=\"lazy\" decoding=\"async\" width=\"450\" height=\"300\" src=\"https:\/\/spardax.se\/wp-content\/uploads\/2020\/05\/Pia-Rovaniemi-2019-450x300.jpg\" class=\"attachment-large size-large wp-image-1892\" alt=\"\" srcset=\"https:\/\/spardax.se\/wp-content\/uploads\/2020\/05\/Pia-Rovaniemi-2019-450x300.jpg 450w, https:\/\/spardax.se\/wp-content\/uploads\/2020\/05\/Pia-Rovaniemi-2019-300x200.jpg 300w, https:\/\/spardax.se\/wp-content\/uploads\/2020\/05\/Pia-Rovaniemi-2019-768x512.jpg 768w, https:\/\/spardax.se\/wp-content\/uploads\/2020\/05\/Pia-Rovaniemi-2019.jpg 960w\" sizes=\"(max-width: 450px) 100vw, 450px\" \/>\t\t\t\t\t\t\t\t\t\t\t\t\t\t\t<\/div>\n\t\t\t\t<\/div>\n\t\t\t\t\t<\/div>\n\t\t<\/div>\n\t\t\t\t<div class=\"elementor-column elementor-col-33 elementor-top-column elementor-element elementor-element-eba228b\" data-id=\"eba228b\" data-element_type=\"column\">\n\t\t\t<div class=\"elementor-widget-wrap elementor-element-populated\">\n\t\t\t\t\t\t<div class=\"elementor-element elementor-element-6e92f28 elementor-widget elementor-widget-image\" data-id=\"6e92f28\" data-element_type=\"widget\" data-widget_type=\"image.default\">\n\t\t\t\t<div class=\"elementor-widget-container\">\n\t\t\t\t\t\t\t\t\t\t\t\t\t\t\t<img loading=\"lazy\" decoding=\"async\" width=\"450\" height=\"335\" src=\"https:\/\/spardax.se\/wp-content\/uploads\/2020\/05\/Pia-med-r\u00e5tta-450x335.jpg\" class=\"attachment-large size-large wp-image-1889\" alt=\"\" srcset=\"https:\/\/spardax.se\/wp-content\/uploads\/2020\/05\/Pia-med-r\u00e5tta-450x335.jpg 450w, https:\/\/spardax.se\/wp-content\/uploads\/2020\/05\/Pia-med-r\u00e5tta-300x223.jpg 300w, https:\/\/spardax.se\/wp-content\/uploads\/2020\/05\/Pia-med-r\u00e5tta-768x572.jpg 768w, https:\/\/spardax.se\/wp-content\/uploads\/2020\/05\/Pia-med-r\u00e5tta.jpg 1080w\" sizes=\"(max-width: 450px) 100vw, 450px\" \/>\t\t\t\t\t\t\t\t\t\t\t\t\t\t\t<\/div>\n\t\t\t\t<\/div>\n\t\t\t\t<div class=\"elementor-element elementor-element-41344d7 elementor-widget elementor-widget-image\" data-id=\"41344d7\" data-element_type=\"widget\" data-widget_type=\"image.default\">\n\t\t\t\t<div class=\"elementor-widget-container\">\n\t\t\t\t\t\t\t\t\t\t\t\t\t\t\t<img loading=\"lazy\" decoding=\"async\" width=\"450\" height=\"600\" src=\"https:\/\/spardax.se\/wp-content\/uploads\/2020\/05\/Pia-G\u00e4llivare-2019-450x600.jpg\" class=\"attachment-large size-large wp-image-1886\" alt=\"\" srcset=\"https:\/\/spardax.se\/wp-content\/uploads\/2020\/05\/Pia-G\u00e4llivare-2019-450x600.jpg 450w, https:\/\/spardax.se\/wp-content\/uploads\/2020\/05\/Pia-G\u00e4llivare-2019-300x400.jpg 300w, https:\/\/spardax.se\/wp-content\/uploads\/2020\/05\/Pia-G\u00e4llivare-2019.jpg 720w\" sizes=\"(max-width: 450px) 100vw, 450px\" \/>\t\t\t\t\t\t\t\t\t\t\t\t\t\t\t<\/div>\n\t\t\t\t<\/div>\n\t\t\t\t\t<\/div>\n\t\t<\/div>\n\t\t\t\t<div class=\"elementor-column elementor-col-33 elementor-top-column elementor-element elementor-element-3ab6b00\" data-id=\"3ab6b00\" data-element_type=\"column\">\n\t\t\t<div class=\"elementor-widget-wrap elementor-element-populated\">\n\t\t\t\t\t\t<div class=\"elementor-element elementor-element-fedaa8a elementor-widget elementor-widget-image\" data-id=\"fedaa8a\" data-element_type=\"widget\" data-widget_type=\"image.default\">\n\t\t\t\t<div class=\"elementor-widget-container\">\n\t\t\t\t\t\t\t\t\t\t\t\t\t\t\t<img fetchpriority=\"high\" decoding=\"async\" width=\"450\" height=\"338\" src=\"https:\/\/spardax.se\/wp-content\/uploads\/2020\/05\/Pia-silverfallet-2019-450x338.jpg\" class=\"attachment-large size-large wp-image-1893\" alt=\"\" srcset=\"https:\/\/spardax.se\/wp-content\/uploads\/2020\/05\/Pia-silverfallet-2019-450x338.jpg 450w, https:\/\/spardax.se\/wp-content\/uploads\/2020\/05\/Pia-silverfallet-2019-300x225.jpg 300w, https:\/\/spardax.se\/wp-content\/uploads\/2020\/05\/Pia-silverfallet-2019-768x576.jpg 768w, https:\/\/spardax.se\/wp-content\/uploads\/2020\/05\/Pia-silverfallet-2019.jpg 960w\" sizes=\"(max-width: 450px) 100vw, 450px\" \/>\t\t\t\t\t\t\t\t\t\t\t\t\t\t\t<\/div>\n\t\t\t\t<\/div>\n\t\t\t\t<div class=\"elementor-element elementor-element-4202dfc elementor-widget elementor-widget-image\" data-id=\"4202dfc\" data-element_type=\"widget\" data-widget_type=\"image.default\">\n\t\t\t\t<div class=\"elementor-widget-container\">\n\t\t\t\t\t\t\t\t\t\t\t\t\t\t\t<img decoding=\"async\" src=\"https:\/\/spardax.se\/wp-content\/uploads\/2020\/05\/Pia-p\u00e5-isen.jpg\" title=\"Pia p\u00e5 isen\" alt=\"Pia p\u00e5 isen\" loading=\"lazy\" \/>\t\t\t\t\t\t\t\t\t\t\t\t\t\t\t<\/div>\n\t\t\t\t<\/div>\n\t\t\t\t<div class=\"elementor-element elementor-element-062dc02 elementor-widget elementor-widget-image\" data-id=\"062dc02\" data-element_type=\"widget\" data-widget_type=\"image.default\">\n\t\t\t\t<div class=\"elementor-widget-container\">\n\t\t\t\t\t\t\t\t\t\t\t\t\t\t\t<img loading=\"lazy\" decoding=\"async\" width=\"450\" height=\"300\" src=\"https:\/\/spardax.se\/wp-content\/uploads\/2020\/05\/Pia-med-kl\u00f6v-450x300.jpg\" class=\"attachment-large size-large wp-image-1888\" alt=\"\" srcset=\"https:\/\/spardax.se\/wp-content\/uploads\/2020\/05\/Pia-med-kl\u00f6v-450x300.jpg 450w, https:\/\/spardax.se\/wp-content\/uploads\/2020\/05\/Pia-med-kl\u00f6v-300x200.jpg 300w, https:\/\/spardax.se\/wp-content\/uploads\/2020\/05\/Pia-med-kl\u00f6v-768x512.jpg 768w, https:\/\/spardax.se\/wp-content\/uploads\/2020\/05\/Pia-med-kl\u00f6v.jpg 1080w\" sizes=\"(max-width: 450px) 100vw, 450px\" \/>\t\t\t\t\t\t\t\t\t\t\t\t\t\t\t<\/div>\n\t\t\t\t<\/div>\n\t\t\t\t\t<\/div>\n\t\t<\/div>\n\t\t\t\t\t<\/div>\n\t\t<\/section>\n\t\t\t\t<\/div>\n\t\t","protected":false},"excerpt":{"rendered":"<p>SE V-19 NORDIC CH NORD U(V)CH SE U(V)CH\u00a0FI U(V)CH\u00a0 NO U(V)CH\u00a0 SE VCH L\u00e5ngh\u00e5rig kanintaxF\u00f6dd 2017-04-06Uppf\u00f6dare: Natalya Marina, Ryssland\u00c4gare: Vi sj\u00e4lva<\/p>\n","protected":false},"author":1,"featured_media":0,"parent":7,"menu_order":0,"comment_status":"closed","ping_status":"closed","template":"","meta":{"site-sidebar-layout":"default","site-content-layout":"default","ast-site-content-layout":"default","site-content-style":"default","site-sidebar-style":"default","ast-global-header-display":"","ast-banner-title-visibility":"","ast-main-header-display":"","ast-hfb-above-header-display":"","ast-hfb-below-header-display":"","ast-hfb-mobile-header-display":"","site-post-title":"","ast-breadcrumbs-content":"","ast-featured-img":"","footer-sml-layout":"","ast-disable-related-posts":"","theme-transparent-header-meta":"default","adv-header-id-meta":"","stick-header-meta":"","header-above-stick-meta":"","header-main-stick-meta":"","header-below-stick-meta":"","astra-migrate-meta-layouts":"default","ast-page-background-enabled":"default","ast-page-background-meta":{"desktop":{"background-color":"","background-image":"","background-repeat":"repeat","background-position":"center center","background-size":"auto","background-attachment":"scroll","background-type":"","background-media":"","overlay-type":"","overlay-color":"","overlay-opacity":"","overlay-gradient":""},"tablet":{"background-color":"","background-image":"","background-repeat":"repeat","background-position":"center center","background-size":"auto","background-attachment":"scroll","background-type":"","background-media":"","overlay-type":"","overlay-color":"","overlay-opacity":"","overlay-gradient":""},"mobile":{"background-color":"","background-image":"","background-repeat":"repeat","background-position":"center center","background-size":"auto","background-attachment":"scroll","background-type":"","background-media":"","overlay-type":"","overlay-color":"","overlay-opacity":"","overlay-gradient":""}},"ast-content-background-meta":{"desktop":{"background-color":"var(--ast-global-color-5)","background-image":"","background-repeat":"repeat","background-position":"center center","background-size":"auto","background-attachment":"scroll","background-type":"","background-media":"","overlay-type":"","overlay-color":"","overlay-opacity":"","overlay-gradient":""},"tablet":{"background-color":"var(--ast-global-color-5)","background-image":"","background-repeat":"repeat","background-position":"center center","background-size":"auto","background-attachment":"scroll","background-type":"","background-media":"","overlay-type":"","overlay-color":"","overlay-opacity":"","overlay-gradient":""},"mobile":{"background-color":"var(--ast-global-color-5)","background-image":"","background-repeat":"repeat","background-position":"center center","background-size":"auto","background-attachment":"scroll","background-type":"","background-media":"","overlay-type":"","overlay-color":"","overlay-opacity":"","overlay-gradient":""}},"footnotes":""},"class_list":["post-1514","page","type-page","status-publish","hentry"],"_links":{"self":[{"href":"https:\/\/spardax.se\/index.php?rest_route=\/wp\/v2\/pages\/1514","targetHints":{"allow":["GET"]}}],"collection":[{"href":"https:\/\/spardax.se\/index.php?rest_route=\/wp\/v2\/pages"}],"about":[{"href":"https:\/\/spardax.se\/index.php?rest_route=\/wp\/v2\/types\/page"}],"author":[{"embeddable":true,"href":"https:\/\/spardax.se\/index.php?rest_route=\/wp\/v2\/users\/1"}],"replies":[{"embeddable":true,"href":"https:\/\/spardax.se\/index.php?rest_route=%2Fwp%2Fv2%2Fcomments&post=1514"}],"version-history":[{"count":57,"href":"https:\/\/spardax.se\/index.php?rest_route=\/wp\/v2\/pages\/1514\/revisions"}],"predecessor-version":[{"id":2550,"href":"https:\/\/spardax.se\/index.php?rest_route=\/wp\/v2\/pages\/1514\/revisions\/2550"}],"up":[{"embeddable":true,"href":"https:\/\/spardax.se\/index.php?rest_route=\/wp\/v2\/pages\/7"}],"wp:attachment":[{"href":"https:\/\/spardax.se\/index.php?rest_route=%2Fwp%2Fv2%2Fmedia&parent=1514"}],"curies":[{"name":"wp","href":"https:\/\/api.w.org\/{rel}","templated":true}]}}