{"id":2881,"date":"2023-05-31T12:25:26","date_gmt":"2023-05-31T10:25:26","guid":{"rendered":"https:\/\/spardax.se\/?page_id=2881"},"modified":"2026-01-06T19:51:16","modified_gmt":"2026-01-06T18:51:16","slug":"elementor-2881","status":"publish","type":"page","link":"https:\/\/spardax.se\/?page_id=2881","title":{"rendered":"Sp\u00e5rdax Feel My Love &#8221;Sony&#8221;"},"content":{"rendered":"\t\t<div data-elementor-type=\"wp-page\" data-elementor-id=\"2881\" class=\"elementor elementor-2881\">\n\t\t\t\t\t\t<section class=\"elementor-section elementor-top-section elementor-element elementor-element-d8d0f40 elementor-section-boxed elementor-section-height-default elementor-section-height-default\" data-id=\"d8d0f40\" data-element_type=\"section\">\n\t\t\t\t\t\t<div class=\"elementor-container elementor-column-gap-default\">\n\t\t\t\t\t<div class=\"elementor-column elementor-col-100 elementor-top-column elementor-element elementor-element-b02d94c\" data-id=\"b02d94c\" data-element_type=\"column\">\n\t\t\t<div class=\"elementor-widget-wrap elementor-element-populated\">\n\t\t\t\t\t\t<div class=\"elementor-element elementor-element-9eb031e elementor-widget elementor-widget-heading\" data-id=\"9eb031e\" data-element_type=\"widget\" data-widget_type=\"heading.default\">\n\t\t\t\t<div class=\"elementor-widget-container\">\n\t\t\t\t\t<h2 class=\"elementor-heading-title elementor-size-default\">SE U(V)CH FI UCH SE VCH C.I.B-J FI junCH LT JUCH<br>Sp\u00e5rdax Feel My Love \"Sony\"<\/h2>\t\t\t\t<\/div>\n\t\t\t\t<\/div>\n\t\t\t\t\t<\/div>\n\t\t<\/div>\n\t\t\t\t\t<\/div>\n\t\t<\/section>\n\t\t\t\t<section class=\"elementor-section elementor-top-section elementor-element elementor-element-bd1f5b5 elementor-section-boxed elementor-section-height-default elementor-section-height-default\" data-id=\"bd1f5b5\" data-element_type=\"section\">\n\t\t\t\t\t\t<div class=\"elementor-container elementor-column-gap-default\">\n\t\t\t\t\t<div class=\"elementor-column elementor-col-100 elementor-top-column elementor-element elementor-element-3d7867d\" data-id=\"3d7867d\" data-element_type=\"column\">\n\t\t\t<div class=\"elementor-widget-wrap\">\n\t\t\t\t\t\t\t<\/div>\n\t\t<\/div>\n\t\t\t\t\t<\/div>\n\t\t<\/section>\n\t\t\t\t<section class=\"elementor-section elementor-top-section elementor-element elementor-element-64b6388 elementor-section-boxed elementor-section-height-default elementor-section-height-default\" data-id=\"64b6388\" data-element_type=\"section\">\n\t\t\t\t\t\t<div class=\"elementor-container elementor-column-gap-default\">\n\t\t\t\t\t<div class=\"elementor-column elementor-col-100 elementor-top-column elementor-element elementor-element-dac384e\" data-id=\"dac384e\" data-element_type=\"column\">\n\t\t\t<div class=\"elementor-widget-wrap elementor-element-populated\">\n\t\t\t\t\t\t<div class=\"elementor-element elementor-element-a2f99e4 elementor-widget elementor-widget-image\" data-id=\"a2f99e4\" data-element_type=\"widget\" data-widget_type=\"image.default\">\n\t\t\t\t<div class=\"elementor-widget-container\">\n\t\t\t\t\t\t\t\t\t\t\t\t\t\t\t<img fetchpriority=\"high\" decoding=\"async\" width=\"766\" height=\"532\" src=\"https:\/\/spardax.se\/wp-content\/uploads\/2024\/01\/Sony-11-manader.jpg\" class=\"attachment-medium_large size-medium_large wp-image-2991\" alt=\"\" srcset=\"https:\/\/spardax.se\/wp-content\/uploads\/2024\/01\/Sony-11-manader.jpg 766w, https:\/\/spardax.se\/wp-content\/uploads\/2024\/01\/Sony-11-manader-300x208.jpg 300w, https:\/\/spardax.se\/wp-content\/uploads\/2024\/01\/Sony-11-manader-450x313.jpg 450w\" sizes=\"(max-width: 766px) 100vw, 766px\" \/>\t\t\t\t\t\t\t\t\t\t\t\t\t\t\t<\/div>\n\t\t\t\t<\/div>\n\t\t\t\t\t<\/div>\n\t\t<\/div>\n\t\t\t\t\t<\/div>\n\t\t<\/section>\n\t\t\t\t<section class=\"elementor-section elementor-top-section elementor-element elementor-element-b6f69fe elementor-section-boxed elementor-section-height-default elementor-section-height-default\" data-id=\"b6f69fe\" data-element_type=\"section\">\n\t\t\t\t\t\t<div class=\"elementor-container elementor-column-gap-default\">\n\t\t\t\t\t<div class=\"elementor-column elementor-col-100 elementor-top-column elementor-element elementor-element-27c6482\" data-id=\"27c6482\" data-element_type=\"column\">\n\t\t\t<div class=\"elementor-widget-wrap elementor-element-populated\">\n\t\t\t\t\t\t<div class=\"elementor-element elementor-element-1b49eb2 elementor-widget elementor-widget-text-editor\" data-id=\"1b49eb2\" data-element_type=\"widget\" data-widget_type=\"text-editor.default\">\n\t\t\t\t<div class=\"elementor-widget-container\">\n\t\t\t\t\t\t\t\t\t<p>e. C.I.B NORDIC CH DK U(V)CH SE (V)CH FI UCH NO UCH SE VCH Shepard Shandi (LK)<br \/>u. NORD U(V)CH RLDN SE VCH Sp\u00e5rdax Circle Of Life (LD)<br \/><span style=\"font-size: 16px; font-style: normal; font-weight: 400;\">L\u00e5ngh\u00e5rig dv\u00e4rgtax<br \/><\/span><span style=\"font-size: 16px;\">F\u00f6dd: 2023-02-09<br \/>Ryggr\u00f6ntgad IVDD K0 Normal<br \/>\u00d6gonlyst UA, DNA-testad PRA CORD-1 fri<br \/><\/span><span style=\"font-size: 16px;\">\u00c4gare och uppf\u00f6dare: Vi sj\u00e4lva<\/span><\/p>\t\t\t\t\t\t\t\t<\/div>\n\t\t\t\t<\/div>\n\t\t\t\t\t<\/div>\n\t\t<\/div>\n\t\t\t\t\t<\/div>\n\t\t<\/section>\n\t\t\t\t<section class=\"elementor-section elementor-top-section elementor-element elementor-element-0945b70 elementor-section-boxed elementor-section-height-default elementor-section-height-default\" data-id=\"0945b70\" data-element_type=\"section\">\n\t\t\t\t\t\t<div class=\"elementor-container elementor-column-gap-default\">\n\t\t\t\t\t<div class=\"elementor-column elementor-col-50 elementor-top-column elementor-element elementor-element-1e2024b\" data-id=\"1e2024b\" data-element_type=\"column\">\n\t\t\t<div class=\"elementor-widget-wrap elementor-element-populated\">\n\t\t\t\t\t\t<div class=\"elementor-element elementor-element-a99f27e elementor-widget elementor-widget-image\" data-id=\"a99f27e\" data-element_type=\"widget\" data-widget_type=\"image.default\">\n\t\t\t\t<div class=\"elementor-widget-container\">\n\t\t\t\t\t\t\t\t\t\t\t\t\t\t\t<img decoding=\"async\" width=\"450\" height=\"343\" src=\"https:\/\/spardax.se\/wp-content\/uploads\/2026\/01\/Sony-BIG-2-Sundsvall-2025-450x343.jpg\" class=\"attachment-large size-large wp-image-3526\" alt=\"\" srcset=\"https:\/\/spardax.se\/wp-content\/uploads\/2026\/01\/Sony-BIG-2-Sundsvall-2025-450x343.jpg 450w, https:\/\/spardax.se\/wp-content\/uploads\/2026\/01\/Sony-BIG-2-Sundsvall-2025-300x228.jpg 300w, https:\/\/spardax.se\/wp-content\/uploads\/2026\/01\/Sony-BIG-2-Sundsvall-2025-768x585.jpg 768w, https:\/\/spardax.se\/wp-content\/uploads\/2026\/01\/Sony-BIG-2-Sundsvall-2025-1536x1170.jpg 1536w, https:\/\/spardax.se\/wp-content\/uploads\/2026\/01\/Sony-BIG-2-Sundsvall-2025.jpg 1997w\" sizes=\"(max-width: 450px) 100vw, 450px\" \/>\t\t\t\t\t\t\t\t\t\t\t\t\t\t\t<\/div>\n\t\t\t\t<\/div>\n\t\t\t\t\t<\/div>\n\t\t<\/div>\n\t\t\t\t<div class=\"elementor-column elementor-col-50 elementor-top-column elementor-element elementor-element-5030f33\" data-id=\"5030f33\" data-element_type=\"column\">\n\t\t\t<div class=\"elementor-widget-wrap elementor-element-populated\">\n\t\t\t\t\t\t<div class=\"elementor-element elementor-element-9c1d09b elementor-widget elementor-widget-image\" data-id=\"9c1d09b\" data-element_type=\"widget\" data-widget_type=\"image.default\">\n\t\t\t\t<div class=\"elementor-widget-container\">\n\t\t\t\t\t\t\t\t\t\t\t\t\t\t\t<img decoding=\"async\" width=\"450\" height=\"368\" src=\"https:\/\/spardax.se\/wp-content\/uploads\/2026\/01\/Sony-fotograf-liten-450x368.jpg\" class=\"attachment-large size-large wp-image-3531\" alt=\"\" srcset=\"https:\/\/spardax.se\/wp-content\/uploads\/2026\/01\/Sony-fotograf-liten-450x368.jpg 450w, https:\/\/spardax.se\/wp-content\/uploads\/2026\/01\/Sony-fotograf-liten-300x245.jpg 300w, https:\/\/spardax.se\/wp-content\/uploads\/2026\/01\/Sony-fotograf-liten-768x628.jpg 768w, https:\/\/spardax.se\/wp-content\/uploads\/2026\/01\/Sony-fotograf-liten.jpg 1462w\" sizes=\"(max-width: 450px) 100vw, 450px\" \/>\t\t\t\t\t\t\t\t\t\t\t\t\t\t\t<\/div>\n\t\t\t\t<\/div>\n\t\t\t\t\t<\/div>\n\t\t<\/div>\n\t\t\t\t\t<\/div>\n\t\t<\/section>\n\t\t\t\t<section class=\"elementor-section elementor-top-section elementor-element elementor-element-f875037 elementor-section-boxed elementor-section-height-default elementor-section-height-default\" data-id=\"f875037\" data-element_type=\"section\">\n\t\t\t\t\t\t<div class=\"elementor-container elementor-column-gap-default\">\n\t\t\t\t\t<div class=\"elementor-column elementor-col-33 elementor-top-column elementor-element elementor-element-74ba61e\" data-id=\"74ba61e\" data-element_type=\"column\">\n\t\t\t<div class=\"elementor-widget-wrap elementor-element-populated\">\n\t\t\t\t\t\t<div class=\"elementor-element elementor-element-a49adea elementor-widget elementor-widget-image\" data-id=\"a49adea\" data-element_type=\"widget\" data-widget_type=\"image.default\">\n\t\t\t\t<div class=\"elementor-widget-container\">\n\t\t\t\t\t\t\t\t\t\t\t\t\t\t\t<img loading=\"lazy\" decoding=\"async\" width=\"450\" height=\"272\" src=\"https:\/\/spardax.se\/wp-content\/uploads\/2024\/01\/Sony-10-manader-e1704113720568-450x272.jpg\" class=\"attachment-large size-large wp-image-2969\" alt=\"\" srcset=\"https:\/\/spardax.se\/wp-content\/uploads\/2024\/01\/Sony-10-manader-e1704113720568-450x272.jpg 450w, https:\/\/spardax.se\/wp-content\/uploads\/2024\/01\/Sony-10-manader-e1704113720568-300x182.jpg 300w, https:\/\/spardax.se\/wp-content\/uploads\/2024\/01\/Sony-10-manader-e1704113720568-768x465.jpg 768w, https:\/\/spardax.se\/wp-content\/uploads\/2024\/01\/Sony-10-manader-e1704113720568.jpg 945w\" sizes=\"(max-width: 450px) 100vw, 450px\" \/>\t\t\t\t\t\t\t\t\t\t\t\t\t\t\t<\/div>\n\t\t\t\t<\/div>\n\t\t\t\t\t<\/div>\n\t\t<\/div>\n\t\t\t\t<div class=\"elementor-column elementor-col-33 elementor-top-column elementor-element elementor-element-d0a845d\" data-id=\"d0a845d\" data-element_type=\"column\">\n\t\t\t<div class=\"elementor-widget-wrap elementor-element-populated\">\n\t\t\t\t\t\t<div class=\"elementor-element elementor-element-67cbafa elementor-widget elementor-widget-image\" data-id=\"67cbafa\" data-element_type=\"widget\" data-widget_type=\"image.default\">\n\t\t\t\t<div class=\"elementor-widget-container\">\n\t\t\t\t\t\t\t\t\t\t\t\t\t\t\t<img loading=\"lazy\" decoding=\"async\" width=\"450\" height=\"338\" src=\"https:\/\/spardax.se\/wp-content\/uploads\/2023\/05\/Sony-14v-450x338.jpeg\" class=\"attachment-large size-large wp-image-2824\" alt=\"\" srcset=\"https:\/\/spardax.se\/wp-content\/uploads\/2023\/05\/Sony-14v-450x338.jpeg 450w, https:\/\/spardax.se\/wp-content\/uploads\/2023\/05\/Sony-14v-300x225.jpeg 300w, https:\/\/spardax.se\/wp-content\/uploads\/2023\/05\/Sony-14v-768x576.jpeg 768w, https:\/\/spardax.se\/wp-content\/uploads\/2023\/05\/Sony-14v-1536x1152.jpeg 1536w, https:\/\/spardax.se\/wp-content\/uploads\/2023\/05\/Sony-14v.jpeg 1716w\" sizes=\"(max-width: 450px) 100vw, 450px\" \/>\t\t\t\t\t\t\t\t\t\t\t\t\t\t\t<\/div>\n\t\t\t\t<\/div>\n\t\t\t\t\t<\/div>\n\t\t<\/div>\n\t\t\t\t<div class=\"elementor-column elementor-col-33 elementor-top-column elementor-element elementor-element-ac8ec18\" data-id=\"ac8ec18\" data-element_type=\"column\">\n\t\t\t<div class=\"elementor-widget-wrap elementor-element-populated\">\n\t\t\t\t\t\t<div class=\"elementor-element elementor-element-b3cc0c1 elementor-widget elementor-widget-image\" data-id=\"b3cc0c1\" data-element_type=\"widget\" data-widget_type=\"image.default\">\n\t\t\t\t<div class=\"elementor-widget-container\">\n\t\t\t\t\t\t\t\t\t\t\t\t\t\t\t<img loading=\"lazy\" decoding=\"async\" width=\"450\" height=\"313\" src=\"https:\/\/spardax.se\/wp-content\/uploads\/2024\/01\/Sony-11-manader-1-450x313.jpg\" class=\"attachment-large size-large wp-image-3016\" alt=\"\" srcset=\"https:\/\/spardax.se\/wp-content\/uploads\/2024\/01\/Sony-11-manader-1-450x313.jpg 450w, https:\/\/spardax.se\/wp-content\/uploads\/2024\/01\/Sony-11-manader-1-300x208.jpg 300w, https:\/\/spardax.se\/wp-content\/uploads\/2024\/01\/Sony-11-manader-1.jpg 766w\" sizes=\"(max-width: 450px) 100vw, 450px\" \/>\t\t\t\t\t\t\t\t\t\t\t\t\t\t\t<\/div>\n\t\t\t\t<\/div>\n\t\t\t\t\t<\/div>\n\t\t<\/div>\n\t\t\t\t\t<\/div>\n\t\t<\/section>\n\t\t\t\t<section class=\"elementor-section elementor-top-section elementor-element elementor-element-c94038d elementor-section-boxed elementor-section-height-default elementor-section-height-default\" data-id=\"c94038d\" data-element_type=\"section\">\n\t\t\t\t\t\t<div class=\"elementor-container elementor-column-gap-default\">\n\t\t\t\t\t<div class=\"elementor-column elementor-col-33 elementor-top-column elementor-element elementor-element-04a48a9\" data-id=\"04a48a9\" data-element_type=\"column\">\n\t\t\t<div class=\"elementor-widget-wrap elementor-element-populated\">\n\t\t\t\t\t\t<div class=\"elementor-element elementor-element-9481bbb elementor-widget elementor-widget-image\" data-id=\"9481bbb\" data-element_type=\"widget\" data-widget_type=\"image.default\">\n\t\t\t\t<div class=\"elementor-widget-container\">\n\t\t\t\t\t\t\t\t\t\t\t\t\t\t\t<img loading=\"lazy\" decoding=\"async\" width=\"450\" height=\"600\" src=\"https:\/\/spardax.se\/wp-content\/uploads\/2024\/01\/Sony-Kaunas-dag-1-450x600.jpg\" class=\"attachment-large size-large wp-image-3017\" alt=\"\" srcset=\"https:\/\/spardax.se\/wp-content\/uploads\/2024\/01\/Sony-Kaunas-dag-1-450x600.jpg 450w, https:\/\/spardax.se\/wp-content\/uploads\/2024\/01\/Sony-Kaunas-dag-1-300x400.jpg 300w, https:\/\/spardax.se\/wp-content\/uploads\/2024\/01\/Sony-Kaunas-dag-1-768x1024.jpg 768w, https:\/\/spardax.se\/wp-content\/uploads\/2024\/01\/Sony-Kaunas-dag-1-1152x1536.jpg 1152w, https:\/\/spardax.se\/wp-content\/uploads\/2024\/01\/Sony-Kaunas-dag-1.jpg 1536w\" sizes=\"(max-width: 450px) 100vw, 450px\" \/>\t\t\t\t\t\t\t\t\t\t\t\t\t\t\t<\/div>\n\t\t\t\t<\/div>\n\t\t\t\t\t<\/div>\n\t\t<\/div>\n\t\t\t\t<div class=\"elementor-column elementor-col-33 elementor-top-column elementor-element elementor-element-c018d0a\" data-id=\"c018d0a\" data-element_type=\"column\">\n\t\t\t<div class=\"elementor-widget-wrap elementor-element-populated\">\n\t\t\t\t\t\t<div class=\"elementor-element elementor-element-f5bafaf elementor-widget elementor-widget-image\" data-id=\"f5bafaf\" data-element_type=\"widget\" data-widget_type=\"image.default\">\n\t\t\t\t<div class=\"elementor-widget-container\">\n\t\t\t\t\t\t\t\t\t\t\t\t\t\t\t<img loading=\"lazy\" decoding=\"async\" width=\"450\" height=\"600\" src=\"https:\/\/spardax.se\/wp-content\/uploads\/2024\/01\/Sony-Kaunas-efter-dag-2-450x600.jpg\" class=\"attachment-large size-large wp-image-3018\" alt=\"\" srcset=\"https:\/\/spardax.se\/wp-content\/uploads\/2024\/01\/Sony-Kaunas-efter-dag-2-450x600.jpg 450w, https:\/\/spardax.se\/wp-content\/uploads\/2024\/01\/Sony-Kaunas-efter-dag-2-300x400.jpg 300w, https:\/\/spardax.se\/wp-content\/uploads\/2024\/01\/Sony-Kaunas-efter-dag-2-768x1024.jpg 768w, https:\/\/spardax.se\/wp-content\/uploads\/2024\/01\/Sony-Kaunas-efter-dag-2-1152x1536.jpg 1152w, https:\/\/spardax.se\/wp-content\/uploads\/2024\/01\/Sony-Kaunas-efter-dag-2-1536x2048.jpg 1536w, https:\/\/spardax.se\/wp-content\/uploads\/2024\/01\/Sony-Kaunas-efter-dag-2-scaled.jpg 1920w\" sizes=\"(max-width: 450px) 100vw, 450px\" \/>\t\t\t\t\t\t\t\t\t\t\t\t\t\t\t<\/div>\n\t\t\t\t<\/div>\n\t\t\t\t\t<\/div>\n\t\t<\/div>\n\t\t\t\t<div class=\"elementor-column elementor-col-33 elementor-top-column elementor-element elementor-element-57aaa64\" data-id=\"57aaa64\" data-element_type=\"column\">\n\t\t\t<div class=\"elementor-widget-wrap elementor-element-populated\">\n\t\t\t\t\t\t<div class=\"elementor-element elementor-element-9d4dde7 elementor-widget elementor-widget-image\" data-id=\"9d4dde7\" data-element_type=\"widget\" data-widget_type=\"image.default\">\n\t\t\t\t<div class=\"elementor-widget-container\">\n\t\t\t\t\t\t\t\t\t\t\t\t\t\t\t<img loading=\"lazy\" decoding=\"async\" width=\"450\" height=\"600\" src=\"https:\/\/spardax.se\/wp-content\/uploads\/2024\/01\/Sony-Kaunas-2024-dag-3-450x600.jpg\" class=\"attachment-large size-large wp-image-3019\" alt=\"\" srcset=\"https:\/\/spardax.se\/wp-content\/uploads\/2024\/01\/Sony-Kaunas-2024-dag-3-450x600.jpg 450w, https:\/\/spardax.se\/wp-content\/uploads\/2024\/01\/Sony-Kaunas-2024-dag-3-300x400.jpg 300w, https:\/\/spardax.se\/wp-content\/uploads\/2024\/01\/Sony-Kaunas-2024-dag-3-768x1024.jpg 768w, https:\/\/spardax.se\/wp-content\/uploads\/2024\/01\/Sony-Kaunas-2024-dag-3-1152x1536.jpg 1152w, https:\/\/spardax.se\/wp-content\/uploads\/2024\/01\/Sony-Kaunas-2024-dag-3-1536x2048.jpg 1536w, https:\/\/spardax.se\/wp-content\/uploads\/2024\/01\/Sony-Kaunas-2024-dag-3-scaled.jpg 1920w\" sizes=\"(max-width: 450px) 100vw, 450px\" \/>\t\t\t\t\t\t\t\t\t\t\t\t\t\t\t<\/div>\n\t\t\t\t<\/div>\n\t\t\t\t\t<\/div>\n\t\t<\/div>\n\t\t\t\t\t<\/div>\n\t\t<\/section>\n\t\t\t\t<\/div>\n\t\t","protected":false},"excerpt":{"rendered":"<p>SE U(V)CH FI UCH SE VCH C.I.B-J FI junCH LT JUCHSp\u00e5rdax Feel My Love &#8221;Sony&#8221; e. C.I.B NORDIC CH DK U(V)CH SE (V)CH FI UCH NO UCH SE VCH Shepard Shandi (LK)u. NORD U(V)CH RLDN SE VCH Sp\u00e5rdax Circle Of Life (LD)L\u00e5ngh\u00e5rig dv\u00e4rgtaxF\u00f6dd: 2023-02-09Ryggr\u00f6ntgad IVDD K0 Normal\u00d6gonlyst UA, DNA-testad PRA CORD-1 fri\u00c4gare och uppf\u00f6dare: Vi [&hellip;]<\/p>\n","protected":false},"author":1,"featured_media":0,"parent":7,"menu_order":0,"comment_status":"closed","ping_status":"closed","template":"","meta":{"site-sidebar-layout":"no-sidebar","site-content-layout":"page-builder","ast-site-content-layout":"default","site-content-style":"default","site-sidebar-style":"default","ast-global-header-display":"","ast-banner-title-visibility":"","ast-main-header-display":"","ast-hfb-above-header-display":"","ast-hfb-below-header-display":"","ast-hfb-mobile-header-display":"","site-post-title":"disabled","ast-breadcrumbs-content":"","ast-featured-img":"disabled","footer-sml-layout":"","ast-disable-related-posts":"","theme-transparent-header-meta":"default","adv-header-id-meta":"","stick-header-meta":"","header-above-stick-meta":"","header-main-stick-meta":"","header-below-stick-meta":"","astra-migrate-meta-layouts":"default","ast-page-background-enabled":"default","ast-page-background-meta":{"desktop":{"background-color":"","background-image":"","background-repeat":"repeat","background-position":"center center","background-size":"auto","background-attachment":"scroll","background-type":"","background-media":"","overlay-type":"","overlay-color":"","overlay-opacity":"","overlay-gradient":""},"tablet":{"background-color":"","background-image":"","background-repeat":"repeat","background-position":"center center","background-size":"auto","background-attachment":"scroll","background-type":"","background-media":"","overlay-type":"","overlay-color":"","overlay-opacity":"","overlay-gradient":""},"mobile":{"background-color":"","background-image":"","background-repeat":"repeat","background-position":"center center","background-size":"auto","background-attachment":"scroll","background-type":"","background-media":"","overlay-type":"","overlay-color":"","overlay-opacity":"","overlay-gradient":""}},"ast-content-background-meta":{"desktop":{"background-color":"var(--ast-global-color-5)","background-image":"","background-repeat":"repeat","background-position":"center center","background-size":"auto","background-attachment":"scroll","background-type":"","background-media":"","overlay-type":"","overlay-color":"","overlay-opacity":"","overlay-gradient":""},"tablet":{"background-color":"var(--ast-global-color-5)","background-image":"","background-repeat":"repeat","background-position":"center center","background-size":"auto","background-attachment":"scroll","background-type":"","background-media":"","overlay-type":"","overlay-color":"","overlay-opacity":"","overlay-gradient":""},"mobile":{"background-color":"var(--ast-global-color-5)","background-image":"","background-repeat":"repeat","background-position":"center center","background-size":"auto","background-attachment":"scroll","background-type":"","background-media":"","overlay-type":"","overlay-color":"","overlay-opacity":"","overlay-gradient":""}},"footnotes":""},"class_list":["post-2881","page","type-page","status-publish","hentry"],"_links":{"self":[{"href":"https:\/\/spardax.se\/index.php?rest_route=\/wp\/v2\/pages\/2881","targetHints":{"allow":["GET"]}}],"collection":[{"href":"https:\/\/spardax.se\/index.php?rest_route=\/wp\/v2\/pages"}],"about":[{"href":"https:\/\/spardax.se\/index.php?rest_route=\/wp\/v2\/types\/page"}],"author":[{"embeddable":true,"href":"https:\/\/spardax.se\/index.php?rest_route=\/wp\/v2\/users\/1"}],"replies":[{"embeddable":true,"href":"https:\/\/spardax.se\/index.php?rest_route=%2Fwp%2Fv2%2Fcomments&post=2881"}],"version-history":[{"count":44,"href":"https:\/\/spardax.se\/index.php?rest_route=\/wp\/v2\/pages\/2881\/revisions"}],"predecessor-version":[{"id":3534,"href":"https:\/\/spardax.se\/index.php?rest_route=\/wp\/v2\/pages\/2881\/revisions\/3534"}],"up":[{"embeddable":true,"href":"https:\/\/spardax.se\/index.php?rest_route=\/wp\/v2\/pages\/7"}],"wp:attachment":[{"href":"https:\/\/spardax.se\/index.php?rest_route=%2Fwp%2Fv2%2Fmedia&parent=2881"}],"curies":[{"name":"wp","href":"https:\/\/api.w.org\/{rel}","templated":true}]}}