{"id":35,"date":"2012-01-18T09:14:50","date_gmt":"2012-01-18T08:14:50","guid":{"rendered":"http:\/\/spardax.se\/?page_id=35"},"modified":"2016-02-22T08:43:57","modified_gmt":"2016-02-22T07:43:57","slug":"maja","status":"publish","type":"page","link":"https:\/\/spardax.se\/?page_id=35","title":{"rendered":"Tavlefj\u00e4rdens Fanny The Future"},"content":{"rendered":"<p style=\"text-align: center;\"><strong>&#8221;Maja&#8221;<\/strong><\/p>\n<p style=\"text-align: center;\"><a href=\"http:\/\/spardax.se\/wp-content\/uploads\/2012\/07\/Tavlefj\u00c3\u00a4rdens_FTF_Maja_220712_a.jpg\"><img fetchpriority=\"high\" decoding=\"async\" class=\"aligncenter size-medium wp-image-368\" title=\"Maja\" src=\"http:\/\/spardax.se\/wp-content\/uploads\/2012\/07\/Tavlefj\u00c3\u00a4rdens_FTF_Maja_220712_a-300x203.jpg\" alt=\"\" width=\"300\" height=\"203\" srcset=\"https:\/\/spardax.se\/wp-content\/uploads\/2012\/07\/Tavlefj\u00c3\u00a4rdens_FTF_Maja_220712_a-300x203.jpg 300w, https:\/\/spardax.se\/wp-content\/uploads\/2012\/07\/Tavlefj\u00c3\u00a4rdens_FTF_Maja_220712_a-450x304.jpg 450w, https:\/\/spardax.se\/wp-content\/uploads\/2012\/07\/Tavlefj\u00c3\u00a4rdens_FTF_Maja_220712_a-442x300.jpg 442w, https:\/\/spardax.se\/wp-content\/uploads\/2012\/07\/Tavlefj\u00c3\u00a4rdens_FTF_Maja_220712_a.jpg 620w\" sizes=\"(max-width: 300px) 100vw, 300px\" \/><\/a><\/p>\n<p style=\"text-align: center;\"><em><strong>SE V-15 C.I.E C.I.B SE VCH DK U(V) CH SE U(V)CH NO UCH FI UCH NORD U(v)CH Austria Club JunW-12<br \/>\n<\/strong><\/em><strong>Tavlefj\u00e4rdens Fanny The Future<\/strong><\/p>\n<p style=\"text-align: center;\">\n<table id=\"tablepress-2\" class=\"tablepress tablepress-id-2\">\n<thead>\n<tr class=\"row-1\">\n\t<th class=\"column-1\">Fakta om Maja<\/th><th class=\"column-2\">Facts about Maja<\/th>\n<\/tr>\n<\/thead>\n<tbody>\n<tr class=\"row-2\">\n\t<td class=\"column-1\">F\u00f6dd: 2011-04-23<\/td><td class=\"column-2\">Born: 2011-04-23<\/td>\n<\/tr>\n<tr class=\"row-3\">\n\t<td class=\"column-1\">L\u00e5ngh\u00e5rig dv\u00e4rgtax<\/td><td class=\"column-2\">Longhaired miniature dachshund<\/td>\n<\/tr>\n<tr class=\"row-4\">\n\t<td class=\"column-1\">Uppf\u00f6dare: Tavlefj\u00e4rdens kennel<br \/>\r\nDel\u00e4gs med Kennel Tavlefj\u00e4rden<\/td><td class=\"column-2\">Breeder: Tavlefj\u00e4rdens kennel<br \/>\r\nCo-owned with Kennel Tavlefj\u00e4rden<\/td>\n<\/tr>\n<tr class=\"row-5\">\n\t<td class=\"column-1\">PRA Cord 1 Normal genom f\u00f6r\u00e4ldrarnas status.<\/td><td class=\"column-2\">PRA Cord 1 Clear by parential status<\/td>\n<\/tr>\n<tr class=\"row-6\">\n\t<td class=\"column-1\">\u00d6gonlyst: UA (2013)<\/td><td class=\"column-2\">Eyes: OK (2013)<\/td>\n<\/tr>\n<tr class=\"row-7\">\n\t<td class=\"column-1\">Ryggr\u00f6ntgen: K0 (fri)<\/td><td class=\"column-2\">Back x-ray: 0 calcification (free)<\/td>\n<\/tr>\n<tr class=\"row-8\">\n\t<td class=\"column-1\">Patella: 0\/0 (2013)<\/td><td class=\"column-2\">Knees: 0\/0 (2013)<\/td>\n<\/tr>\n<\/tbody>\n<\/table>\n<!-- #tablepress-2 from cache --><\/p>\n<p style=\"text-align: center;\"><img decoding=\"async\" class=\"aligncenter size-full wp-image-131\" title=\"Maja-pedigree\" src=\"http:\/\/spardax.se\/wp-content\/uploads\/2012\/01\/Maja-pedigree.jpg\" alt=\"Majas pedigree\" width=\"488\" height=\"367\" srcset=\"https:\/\/spardax.se\/wp-content\/uploads\/2012\/01\/Maja-pedigree.jpg 488w, https:\/\/spardax.se\/wp-content\/uploads\/2012\/01\/Maja-pedigree-300x225.jpg 300w, https:\/\/spardax.se\/wp-content\/uploads\/2012\/01\/Maja-pedigree-450x338.jpg 450w, https:\/\/spardax.se\/wp-content\/uploads\/2012\/01\/Maja-pedigree-398x300.jpg 398w\" sizes=\"(max-width: 488px) 100vw, 488px\" \/><\/p>\n<p style=\"text-align: center;\"><img decoding=\"async\" class=\"aligncenter size-medium wp-image-168\" title=\"Familjen\" src=\"http:\/\/spardax.se\/wp-content\/uploads\/2012\/01\/Familjen-300x199.jpg\" alt=\"\" width=\"300\" height=\"199\" srcset=\"https:\/\/spardax.se\/wp-content\/uploads\/2012\/01\/Familjen-300x199.jpg 300w, https:\/\/spardax.se\/wp-content\/uploads\/2012\/01\/Familjen-450x299.jpg 450w, https:\/\/spardax.se\/wp-content\/uploads\/2012\/01\/Familjen-451x300.jpg 451w, https:\/\/spardax.se\/wp-content\/uploads\/2012\/01\/Familjen.jpg 663w\" sizes=\"(max-width: 300px) 100vw, 300px\" \/><\/p>\n<p style=\"text-align: center;\">\n","protected":false},"excerpt":{"rendered":"<p>&#8221;Maja&#8221; SE V-15 C.I.E C.I.B SE VCH DK U(V) CH SE U(V)CH NO UCH FI UCH NORD U(v)CH Austria Club JunW-12 Tavlefj\u00e4rdens Fanny The Future<\/p>\n","protected":false},"author":1,"featured_media":0,"parent":7,"menu_order":12,"comment_status":"closed","ping_status":"closed","template":"template-content-sidebar-half.php","meta":{"site-sidebar-layout":"default","site-content-layout":"","ast-site-content-layout":"default","site-content-style":"default","site-sidebar-style":"default","ast-global-header-display":"","ast-banner-title-visibility":"","ast-main-header-display":"","ast-hfb-above-header-display":"","ast-hfb-below-header-display":"","ast-hfb-mobile-header-display":"","site-post-title":"","ast-breadcrumbs-content":"","ast-featured-img":"","footer-sml-layout":"","ast-disable-related-posts":"","theme-transparent-header-meta":"","adv-header-id-meta":"","stick-header-meta":"","header-above-stick-meta":"","header-main-stick-meta":"","header-below-stick-meta":"","astra-migrate-meta-layouts":"default","ast-page-background-enabled":"default","ast-page-background-meta":{"desktop":{"background-color":"","background-image":"","background-repeat":"repeat","background-position":"center center","background-size":"auto","background-attachment":"scroll","background-type":"","background-media":"","overlay-type":"","overlay-color":"","overlay-opacity":"","overlay-gradient":""},"tablet":{"background-color":"","background-image":"","background-repeat":"repeat","background-position":"center center","background-size":"auto","background-attachment":"scroll","background-type":"","background-media":"","overlay-type":"","overlay-color":"","overlay-opacity":"","overlay-gradient":""},"mobile":{"background-color":"","background-image":"","background-repeat":"repeat","background-position":"center center","background-size":"auto","background-attachment":"scroll","background-type":"","background-media":"","overlay-type":"","overlay-color":"","overlay-opacity":"","overlay-gradient":""}},"ast-content-background-meta":{"desktop":{"background-color":"var(--ast-global-color-5)","background-image":"","background-repeat":"repeat","background-position":"center center","background-size":"auto","background-attachment":"scroll","background-type":"","background-media":"","overlay-type":"","overlay-color":"","overlay-opacity":"","overlay-gradient":""},"tablet":{"background-color":"var(--ast-global-color-5)","background-image":"","background-repeat":"repeat","background-position":"center center","background-size":"auto","background-attachment":"scroll","background-type":"","background-media":"","overlay-type":"","overlay-color":"","overlay-opacity":"","overlay-gradient":""},"mobile":{"background-color":"var(--ast-global-color-5)","background-image":"","background-repeat":"repeat","background-position":"center center","background-size":"auto","background-attachment":"scroll","background-type":"","background-media":"","overlay-type":"","overlay-color":"","overlay-opacity":"","overlay-gradient":""}},"footnotes":""},"class_list":["post-35","page","type-page","status-publish","hentry"],"_links":{"self":[{"href":"https:\/\/spardax.se\/index.php?rest_route=\/wp\/v2\/pages\/35","targetHints":{"allow":["GET"]}}],"collection":[{"href":"https:\/\/spardax.se\/index.php?rest_route=\/wp\/v2\/pages"}],"about":[{"href":"https:\/\/spardax.se\/index.php?rest_route=\/wp\/v2\/types\/page"}],"author":[{"embeddable":true,"href":"https:\/\/spardax.se\/index.php?rest_route=\/wp\/v2\/users\/1"}],"replies":[{"embeddable":true,"href":"https:\/\/spardax.se\/index.php?rest_route=%2Fwp%2Fv2%2Fcomments&post=35"}],"version-history":[{"count":28,"href":"https:\/\/spardax.se\/index.php?rest_route=\/wp\/v2\/pages\/35\/revisions"}],"predecessor-version":[{"id":1072,"href":"https:\/\/spardax.se\/index.php?rest_route=\/wp\/v2\/pages\/35\/revisions\/1072"}],"up":[{"embeddable":true,"href":"https:\/\/spardax.se\/index.php?rest_route=\/wp\/v2\/pages\/7"}],"wp:attachment":[{"href":"https:\/\/spardax.se\/index.php?rest_route=%2Fwp%2Fv2%2Fmedia&parent=35"}],"curies":[{"name":"wp","href":"https:\/\/api.w.org\/{rel}","templated":true}]}}