{"id":999,"date":"2015-05-25T22:36:05","date_gmt":"2015-05-25T20:36:05","guid":{"rendered":"http:\/\/spardax.se\/?page_id=999"},"modified":"2019-07-16T08:47:42","modified_gmt":"2019-07-16T06:47:42","slug":"sigges-avkommor","status":"publish","type":"page","link":"https:\/\/spardax.se\/?page_id=999","title":{"rendered":"Sigges avkommor"},"content":{"rendered":"<p><strong>Kull 1\u00a0undan NORD U(V)CH\u00a0EE CH LV CH LT CH SE VCH SE JV-12 <span id=\"lblHundnamn\" class=\"datatext\">Priv\u00e9 Incanto Shine <\/span><br \/>\n<\/strong>\u00a02<strong> hanar och 1 tik f\u00f6dda 2015-05-15<\/strong><\/p>\n<p><strong>C.I.B SE U(V)CH FI UCH EE CH LV UCH Priv\u00e9 Shiny Curls \u201cSaga\u201d<\/strong><br \/>\n&#8211; BIR &amp; CERT,\u00a01:a \u00d6kl\u00a0viltsp\u00e5r<\/p>\n<p><strong>Priv\u00e9 Grateful Of Course<\/strong><\/p>\n<p><strong>Priv\u00e9 Love On Credit<\/strong><\/p>\n<p><strong>Kull 2 undan SE U(V)CH SE VCH Foxfury Escalate Golden Eagle<br \/>\n1 hane och 3 tikar f\u00f6dda 2016-06-14<\/strong><\/p>\n<p><strong>Foxfury Golden Eagle Rewind<\/strong><\/p>\n<p><strong>Foxfury Golden Eagle Reborn<br \/>\n<\/strong>&#8211; Excellent juniorklass<strong><br \/>\n<\/strong><\/p>\n<p><strong>Foxfury Golden Eagle Return<\/strong><\/p>\n<p><strong>Foxfury Golden Eagle Reunion<\/strong><\/p>\n<p><strong>Kull 3 undan Damml\u00f6t&#8217;s Furiosa<br \/>\n3 hanar och 2 tikar f\u00f6dda 2017-07-26<\/strong><\/p>\n<p><strong>Toffeltuggarnas Bamse<\/strong><\/p>\n<p><strong>Toffeltuggarnas Sudden<\/strong><strong><br \/>\n<\/strong><\/p>\n<p><strong>Toffeltuggarnas Plutrik <\/strong><\/p>\n<p><strong>Toffeltuggarnas Tuffeli <\/strong><\/p>\n<p><strong>Toffeltuggarnas Tindra<br \/>\n<\/strong>&#8211; CK, R-cert juniorklass<strong><br \/>\n<\/strong><\/p>\n","protected":false},"excerpt":{"rendered":"<p>Kull 1\u00a0undan NORD U(V)CH\u00a0EE CH LV CH LT CH SE VCH SE JV-12 Priv\u00e9 Incanto Shine \u00a02 hanar och 1 tik f\u00f6dda 2015-05-15 C.I.B SE U(V)CH FI UCH EE CH LV UCH Priv\u00e9 Shiny Curls \u201cSaga\u201d &#8211; BIR &amp; CERT,\u00a01:a \u00d6kl\u00a0viltsp\u00e5r Priv\u00e9 Grateful Of Course Priv\u00e9 Love On Credit Kull 2 undan SE U(V)CH SE [&hellip;]<\/p>\n","protected":false},"author":1,"featured_media":0,"parent":673,"menu_order":0,"comment_status":"closed","ping_status":"closed","template":"","meta":{"site-sidebar-layout":"default","site-content-layout":"","ast-site-content-layout":"default","site-content-style":"default","site-sidebar-style":"default","ast-global-header-display":"","ast-banner-title-visibility":"","ast-main-header-display":"","ast-hfb-above-header-display":"","ast-hfb-below-header-display":"","ast-hfb-mobile-header-display":"","site-post-title":"","ast-breadcrumbs-content":"","ast-featured-img":"","footer-sml-layout":"","ast-disable-related-posts":"","theme-transparent-header-meta":"","adv-header-id-meta":"","stick-header-meta":"","header-above-stick-meta":"","header-main-stick-meta":"","header-below-stick-meta":"","astra-migrate-meta-layouts":"default","ast-page-background-enabled":"default","ast-page-background-meta":{"desktop":{"background-color":"","background-image":"","background-repeat":"repeat","background-position":"center center","background-size":"auto","background-attachment":"scroll","background-type":"","background-media":"","overlay-type":"","overlay-color":"","overlay-opacity":"","overlay-gradient":""},"tablet":{"background-color":"","background-image":"","background-repeat":"repeat","background-position":"center center","background-size":"auto","background-attachment":"scroll","background-type":"","background-media":"","overlay-type":"","overlay-color":"","overlay-opacity":"","overlay-gradient":""},"mobile":{"background-color":"","background-image":"","background-repeat":"repeat","background-position":"center center","background-size":"auto","background-attachment":"scroll","background-type":"","background-media":"","overlay-type":"","overlay-color":"","overlay-opacity":"","overlay-gradient":""}},"ast-content-background-meta":{"desktop":{"background-color":"var(--ast-global-color-5)","background-image":"","background-repeat":"repeat","background-position":"center center","background-size":"auto","background-attachment":"scroll","background-type":"","background-media":"","overlay-type":"","overlay-color":"","overlay-opacity":"","overlay-gradient":""},"tablet":{"background-color":"var(--ast-global-color-5)","background-image":"","background-repeat":"repeat","background-position":"center center","background-size":"auto","background-attachment":"scroll","background-type":"","background-media":"","overlay-type":"","overlay-color":"","overlay-opacity":"","overlay-gradient":""},"mobile":{"background-color":"var(--ast-global-color-5)","background-image":"","background-repeat":"repeat","background-position":"center center","background-size":"auto","background-attachment":"scroll","background-type":"","background-media":"","overlay-type":"","overlay-color":"","overlay-opacity":"","overlay-gradient":""}},"footnotes":""},"class_list":["post-999","page","type-page","status-publish","hentry"],"_links":{"self":[{"href":"https:\/\/spardax.se\/index.php?rest_route=\/wp\/v2\/pages\/999","targetHints":{"allow":["GET"]}}],"collection":[{"href":"https:\/\/spardax.se\/index.php?rest_route=\/wp\/v2\/pages"}],"about":[{"href":"https:\/\/spardax.se\/index.php?rest_route=\/wp\/v2\/types\/page"}],"author":[{"embeddable":true,"href":"https:\/\/spardax.se\/index.php?rest_route=\/wp\/v2\/users\/1"}],"replies":[{"embeddable":true,"href":"https:\/\/spardax.se\/index.php?rest_route=%2Fwp%2Fv2%2Fcomments&post=999"}],"version-history":[{"count":12,"href":"https:\/\/spardax.se\/index.php?rest_route=\/wp\/v2\/pages\/999\/revisions"}],"predecessor-version":[{"id":1835,"href":"https:\/\/spardax.se\/index.php?rest_route=\/wp\/v2\/pages\/999\/revisions\/1835"}],"up":[{"embeddable":true,"href":"https:\/\/spardax.se\/index.php?rest_route=\/wp\/v2\/pages\/673"}],"wp:attachment":[{"href":"https:\/\/spardax.se\/index.php?rest_route=%2Fwp%2Fv2%2Fmedia&parent=999"}],"curies":[{"name":"wp","href":"https:\/\/api.w.org\/{rel}","templated":true}]}}